{"id":680,"date":"2015-11-26T19:09:16","date_gmt":"2015-11-26T19:09:16","guid":{"rendered":"http:\/\/faodo.draconis.ufms.br\/?page_id=680"},"modified":"2016-11-09T13:21:46","modified_gmt":"2016-11-09T13:21:46","slug":"arquivos-para-download","status":"publish","type":"page","link":"https:\/\/faodo.ufms.br\/en\/mestrado-em-odontologia\/arquivos-para-download\/","title":{"rendered":"Arquivos para Download"},"content":{"rendered":"<a href=\"http:\/\/faodo.draconis.ufms.br\/files\/2015\/11\/document-3.pdf\">Edital 2016.1<\/a><\/p>\n<p>&nbsp;<\/p>\n<p><a href=\"http:\/\/faodo.draconis.ufms.br\/files\/2015\/11\/formulario_projeto_de_pesquisa-20151.doc\">Formul\u00e1rio Projeto de Pesquisa<\/a><\/p>\n<p>&nbsp;<\/p>\n<p><a href=\"http:\/\/faodo.draconis.ufms.br\/files\/2015\/11\/Relat\u00f3rio-Est\u00e1gio-em-Doc\u00eancia-8.doc\">Relat\u00f3rio Est\u00e1gio em Doc\u00eancia &#8211; Semestral<\/a><\/p>\n<p>&nbsp;<\/p>\n<p><a href=\"http:\/\/faodo.draconis.ufms.br\/files\/2015\/11\/Relat\u00f3rio-Semestral-10.doc\">Relat\u00f3rio Semestral <\/a><\/p>\n<p>&nbsp;<\/p>\n<p><a href=\"http:\/\/faodo.draconis.ufms.br\/files\/2015\/11\/10-Cr\u00e9ditos-Requerimento-20151.doc\">10 Cr\u00e9ditos &#8211; Requerimento 2015<\/a><\/p>\n<p>&nbsp;<\/p>\n<p><a href=\"http:\/\/faodo.draconis.ufms.br\/files\/2015\/11\/Resolu\u00e7\u00e3o-N\u00ba-12-16-10-cr\u00e9ditos-complementares.doc\">Resolu\u00e7\u00e3o N\u00ba 12-16 10 cr\u00e9ditos complementares<\/a><\/p>\n<p>&nbsp;<\/p>\n<p><a href=\"http:\/\/faodo.draconis.ufms.br\/files\/2015\/11\/Formulario-para-utilizacao-do-Laboratorio-Multiusuario.docx\" rel=\"\">Formul\u00e1rio para utiliza\u00e7\u00e3o do Laborat\u00f3rio Multiusu\u00e1rio<\/a><\/p>\n<p>&nbsp;","protected":false},"excerpt":{"rendered":"<p>Edital 2016.1 &nbsp; Formul\u00e1rio Projeto de Pesquisa &nbsp; Relat\u00f3rio Est\u00e1gio em Doc\u00eancia &#8211; Semestral &nbsp; Relat\u00f3rio Semestral &nbsp; 10 Cr\u00e9ditos &#8211; Requerimento 2015 &nbsp; Resolu\u00e7\u00e3o N\u00ba 12-16 10 cr\u00e9ditos complementares &nbsp; Formul\u00e1rio para utiliza\u00e7\u00e3o do Laborat\u00f3rio Multiusu\u00e1rio &nbsp;<\/p>\n","protected":false},"author":785,"featured_media":0,"parent":217,"menu_order":0,"comment_status":"closed","ping_status":"closed","template":"","meta":{"footnotes":""},"coauthors":[],"class_list":["post-680","page","type-page","status-publish","hentry"],"yoast_head":"<!-- This site is optimized with the Yoast SEO plugin v26.2 - https:\/\/yoast.com\/wordpress\/plugins\/seo\/ -->\n<title>Arquivos para Download - FAODO<\/title>\n<meta name=\"robots\" content=\"index, follow, max-snippet:-1, max-image-preview:large, max-video-preview:-1\" \/>\n<link rel=\"canonical\" href=\"https:\/\/faodo.ufms.br\/en\/mestrado-em-odontologia\/arquivos-para-download\/\" \/>\n<meta property=\"og:locale\" content=\"en_US\" \/>\n<meta property=\"og:type\" content=\"article\" \/>\n<meta property=\"og:title\" content=\"Arquivos para Download - FAODO\" \/>\n<meta property=\"og:description\" content=\"Edital 2016.1 &nbsp; Formul\u00e1rio Projeto de Pesquisa &nbsp; Relat\u00f3rio Est\u00e1gio em Doc\u00eancia &#8211; Semestral &nbsp; Relat\u00f3rio Semestral &nbsp; 10 Cr\u00e9ditos &#8211; Requerimento 2015 &nbsp; Resolu\u00e7\u00e3o N\u00ba 12-16 10 cr\u00e9ditos complementares &nbsp; Formul\u00e1rio para utiliza\u00e7\u00e3o do Laborat\u00f3rio Multiusu\u00e1rio &nbsp;\" \/>\n<meta property=\"og:url\" content=\"https:\/\/faodo.ufms.br\/en\/mestrado-em-odontologia\/arquivos-para-download\/\" \/>\n<meta property=\"og:site_name\" content=\"FAODO\" \/>\n<meta property=\"article:modified_time\" content=\"2016-11-09T13:21:46+00:00\" \/>\n<meta name=\"twitter:label1\" content=\"Est. reading time\" \/>\n\t<meta name=\"twitter:data1\" content=\"1 minute\" \/>\n\t<meta name=\"twitter:label2\" content=\"Written by\" \/>\n\t<meta name=\"twitter:data2\" content=\"Lucia Furlanetto\" \/>\n<script type=\"application\/ld+json\" class=\"yoast-schema-graph\">{\"@context\":\"https:\/\/schema.org\",\"@graph\":[{\"@type\":\"WebPage\",\"@id\":\"https:\/\/faodo.ufms.br\/en\/mestrado-em-odontologia\/arquivos-para-download\/\",\"url\":\"https:\/\/faodo.ufms.br\/en\/mestrado-em-odontologia\/arquivos-para-download\/\",\"name\":\"Arquivos para Download - FAODO\",\"isPartOf\":{\"@id\":\"https:\/\/faodo.ufms.br\/#website\"},\"datePublished\":\"2015-11-26T19:09:16+00:00\",\"dateModified\":\"2016-11-09T13:21:46+00:00\",\"breadcrumb\":{\"@id\":\"https:\/\/faodo.ufms.br\/en\/mestrado-em-odontologia\/arquivos-para-download\/#breadcrumb\"},\"inLanguage\":\"en-US\",\"potentialAction\":[{\"@type\":\"ReadAction\",\"target\":[\"https:\/\/faodo.ufms.br\/en\/mestrado-em-odontologia\/arquivos-para-download\/\"]}]},{\"@type\":\"BreadcrumbList\",\"@id\":\"https:\/\/faodo.ufms.br\/en\/mestrado-em-odontologia\/arquivos-para-download\/#breadcrumb\",\"itemListElement\":[{\"@type\":\"ListItem\",\"position\":1,\"name\":\"In\u00edcio\",\"item\":\"https:\/\/faodo.ufms.br\/\"},{\"@type\":\"ListItem\",\"position\":2,\"name\":\"Mestrado em Odontologia\",\"item\":\"https:\/\/faodo.ufms.br\/mestrado-em-odontologia\/\"},{\"@type\":\"ListItem\",\"position\":3,\"name\":\"Arquivos para Download\"}]},{\"@type\":\"WebSite\",\"@id\":\"https:\/\/faodo.ufms.br\/#website\",\"url\":\"https:\/\/faodo.ufms.br\/\",\"name\":\"FAODO\",\"description\":\"Faculdade de Odontologia\",\"potentialAction\":[{\"@type\":\"SearchAction\",\"target\":{\"@type\":\"EntryPoint\",\"urlTemplate\":\"https:\/\/faodo.ufms.br\/?s={search_term_string}\"},\"query-input\":{\"@type\":\"PropertyValueSpecification\",\"valueRequired\":true,\"valueName\":\"search_term_string\"}}],\"inLanguage\":\"en-US\"}]}<\/script>\n<!-- \/ Yoast SEO plugin. -->","yoast_head_json":{"title":"Arquivos para Download - FAODO","robots":{"index":"index","follow":"follow","max-snippet":"max-snippet:-1","max-image-preview":"max-image-preview:large","max-video-preview":"max-video-preview:-1"},"canonical":"https:\/\/faodo.ufms.br\/en\/mestrado-em-odontologia\/arquivos-para-download\/","og_locale":"en_US","og_type":"article","og_title":"Arquivos para Download - FAODO","og_description":"Edital 2016.1 &nbsp; Formul\u00e1rio Projeto de Pesquisa &nbsp; Relat\u00f3rio Est\u00e1gio em Doc\u00eancia &#8211; Semestral &nbsp; Relat\u00f3rio Semestral &nbsp; 10 Cr\u00e9ditos &#8211; Requerimento 2015 &nbsp; Resolu\u00e7\u00e3o N\u00ba 12-16 10 cr\u00e9ditos complementares &nbsp; Formul\u00e1rio para utiliza\u00e7\u00e3o do Laborat\u00f3rio Multiusu\u00e1rio &nbsp;","og_url":"https:\/\/faodo.ufms.br\/en\/mestrado-em-odontologia\/arquivos-para-download\/","og_site_name":"FAODO","article_modified_time":"2016-11-09T13:21:46+00:00","twitter_misc":{"Est. reading time":"1 minute","Written by":"Lucia Furlanetto"},"schema":{"@context":"https:\/\/schema.org","@graph":[{"@type":"WebPage","@id":"https:\/\/faodo.ufms.br\/en\/mestrado-em-odontologia\/arquivos-para-download\/","url":"https:\/\/faodo.ufms.br\/en\/mestrado-em-odontologia\/arquivos-para-download\/","name":"Arquivos para Download - FAODO","isPartOf":{"@id":"https:\/\/faodo.ufms.br\/#website"},"datePublished":"2015-11-26T19:09:16+00:00","dateModified":"2016-11-09T13:21:46+00:00","breadcrumb":{"@id":"https:\/\/faodo.ufms.br\/en\/mestrado-em-odontologia\/arquivos-para-download\/#breadcrumb"},"inLanguage":"en-US","potentialAction":[{"@type":"ReadAction","target":["https:\/\/faodo.ufms.br\/en\/mestrado-em-odontologia\/arquivos-para-download\/"]}]},{"@type":"BreadcrumbList","@id":"https:\/\/faodo.ufms.br\/en\/mestrado-em-odontologia\/arquivos-para-download\/#breadcrumb","itemListElement":[{"@type":"ListItem","position":1,"name":"In\u00edcio","item":"https:\/\/faodo.ufms.br\/"},{"@type":"ListItem","position":2,"name":"Mestrado em Odontologia","item":"https:\/\/faodo.ufms.br\/mestrado-em-odontologia\/"},{"@type":"ListItem","position":3,"name":"Arquivos para Download"}]},{"@type":"WebSite","@id":"https:\/\/faodo.ufms.br\/#website","url":"https:\/\/faodo.ufms.br\/","name":"FAODO","description":"Faculdade de Odontologia","potentialAction":[{"@type":"SearchAction","target":{"@type":"EntryPoint","urlTemplate":"https:\/\/faodo.ufms.br\/?s={search_term_string}"},"query-input":{"@type":"PropertyValueSpecification","valueRequired":true,"valueName":"search_term_string"}}],"inLanguage":"en-US"}]}},"_links":{"self":[{"href":"https:\/\/faodo.ufms.br\/en\/wp-json\/wp\/v2\/pages\/680","targetHints":{"allow":["GET"]}}],"collection":[{"href":"https:\/\/faodo.ufms.br\/en\/wp-json\/wp\/v2\/pages"}],"about":[{"href":"https:\/\/faodo.ufms.br\/en\/wp-json\/wp\/v2\/types\/page"}],"author":[{"embeddable":true,"href":"https:\/\/faodo.ufms.br\/en\/wp-json\/wp\/v2\/users\/785"}],"replies":[{"embeddable":true,"href":"https:\/\/faodo.ufms.br\/en\/wp-json\/wp\/v2\/comments?post=680"}],"version-history":[{"count":12,"href":"https:\/\/faodo.ufms.br\/en\/wp-json\/wp\/v2\/pages\/680\/revisions"}],"predecessor-version":[{"id":960,"href":"https:\/\/faodo.ufms.br\/en\/wp-json\/wp\/v2\/pages\/680\/revisions\/960"}],"up":[{"embeddable":true,"href":"https:\/\/faodo.ufms.br\/en\/wp-json\/wp\/v2\/pages\/217"}],"wp:attachment":[{"href":"https:\/\/faodo.ufms.br\/en\/wp-json\/wp\/v2\/media?parent=680"}],"wp:term":[{"taxonomy":"author","embeddable":true,"href":"https:\/\/faodo.ufms.br\/en\/wp-json\/wp\/v2\/coauthors?post=680"}],"curies":[{"name":"wp","href":"https:\/\/api.w.org\/{rel}","templated":true}]}}