{"id":580,"date":"2015-08-21T17:11:55","date_gmt":"2015-08-21T17:11:55","guid":{"rendered":"http:\/\/faodo.draconis.ufms.br\/acessibilidade\/"},"modified":"2015-08-21T17:11:55","modified_gmt":"2015-08-21T17:11:55","slug":"acessibilidade","status":"publish","type":"page","link":"https:\/\/faodo.ufms.br\/en\/acessibilidade\/","title":{"rendered":"Acessibilidade"},"content":{"rendered":"<p>FAODO segue novo modelo de identidade digital padr\u00e3o do governo federal, que atende \u00e0s principais recomenda\u00e7\u00f5es de acessibilidade indicadas para web<\/p>\n<p class=\" \">O termo acessibilidade significa incluir a pessoa com defici\u00eancia na participa\u00e7\u00e3o de atividades como o uso de produtos, servi\u00e7os e informa\u00e7\u00f5es. Alguns exemplos s\u00e3o os pr\u00e9dios com rampas de acesso para cadeira de rodas e banheiros adaptados para deficientes.<\/p>\n<p class=\" \">Na internet, acessibilidade refere-se principalmente \u00e0s recomenda\u00e7\u00f5es do WCAG (World Content Accessibility Guide) do W3C e no caso do Governo Brasileiro ao e-MAG (Modelo de Acessibilidade em Governo Eletr\u00f4nico). O e-MAG est\u00e1 alinhado as recomenda\u00e7\u00f5es internacionais, mas estabelece padr\u00f5es de comportamento acess\u00edvel para sites governamentais.<\/p>\n<p class=\" \">Na parte superior do Portal Brasil existe uma barra de acessibilidade onde se encontra atalhos de navega\u00e7\u00e3o padronizados e a op\u00e7\u00e3o para alterar o contraste. Essas ferramentas est\u00e3o dispon\u00edveis em todas as p\u00e1ginas do portal.<\/p>\n<p class=\" \">Os padr\u00f5es de atalhos do governo federal s\u00e3o:<\/p>\n<p class=\" \">Teclando-se Alt + 1 em qualquer p\u00e1gina do portal, chega-se diretamente ao come\u00e7o do conte\u00fado principal da p\u00e1gina.<\/p>\n<p class=\" \">Teclando-se Alt + 2 em qualquer p\u00e1gina do portal, chega-se diretamente ao in\u00edcio do menu principal.<\/p>\n<p class=\" \">Teclando-se Alt + 3 em qualquer p\u00e1gina do portal, chega-se diretamente em sua busca interna.<\/p>\n<p class=\" \">No caso do Firefox, em vez de Alt + n\u00famero, tecle simultaneamente Alt + Shift + n\u00famero.<\/p>\n<p class=\" \">Sendo Firefox no Mac OS, em vez de Alt + Shift + n\u00famero, tecle simultaneamente Ctrl + Alt + n\u00famero.<\/p>\n<p class=\" \">No Opera, as teclas s\u00e3o Shift + Escape + n\u00famero. Ao teclar apenas Shift + Escape, o usu\u00e1rio encontrar\u00e1 uma janela com todas as alternativas de ACCESSKEY da p\u00e1gina.<\/p>\n<p class=\" \">Ao final desse texto, voc\u00ea poder\u00e1 baixar alguns arquivos que explicam melhor o termo acessibilidade e como deve ser implementado nos sites da Internet.<\/p>\n<p class=\" \"><strong>Leis e decretos sobre acessibilidade:<\/strong><\/p>\n<ul>\n<li>Decreto n\u00ba 5.296 de 02 de dezembro de 2004 (<a class=\"external-link\" title=\"\" href=\"http:\/\/www.planalto.gov.br\/ccivil_03\/_Ato2004-2006\/2004\/Decreto\/D5296.htm\" target=\"_self\">http:\/\/www.planalto.gov.br\/ccivil_03\/_Ato2004-2006\/2004\/Decreto\/D5296.htm<\/a>).<\/li>\n<li>Decreto n\u00ba 6.949, de 25 de agosto de 2009 &#8211; Promulga a Conven\u00e7\u00e3o Internacional sobre os Direitos das Pessoas com Defici\u00eancia e seu Protocolo Facultativo, assinados em Nova York, em 30 de mar\u00e7o de 2007 (<a class=\"external-link\" title=\"\" href=\"http:\/\/www.planalto.gov.br\/ccivil_03\/_ato2007-2010\/2009\/decreto\/d6949.htm\" target=\"_self\">http:\/\/www.planalto.gov.br\/ccivil_03\/_ato2007-2010\/2009\/decreto\/d6949.htm<\/a>).<\/li>\n<li>Decreto n\u00ba 7.724, de 16 de Maio de 2012 &#8211; Regulamenta a Lei No 12.527, que disp\u00f5e sobre o acesso a informa\u00e7\u00f5es (<a class=\"external-link\" title=\"\" href=\"http:\/\/www.planalto.gov.br\/ccivil_03\/_ato2011-2014\/2012\/Decreto\/D7724.htm\" target=\"_self\">http:\/\/www.planalto.gov.br\/ccivil_03\/_ato2011-2014\/2012\/Decreto\/D7724.htm<\/a>).<\/li>\n<li>Modelo de Acessibilidade de Governo Eletr\u00f4nico (<a class=\"external-link\" title=\"\" href=\"http:\/\/www.governoeletronico.gov.br\/acoes-e-projetos\/e-MAG\" target=\"_self\">http:\/\/www.governoeletronico.gov.br\/acoes-e-projetos\/e-MAG<\/a>).<\/li>\n<li class=\"last-item\">Portaria n\u00ba 03, de 07 de Maio de 2007 &#8211; formato .pdf (35,5Kb) &#8211; Institucionaliza o Modelo de Acessibilidade em Governo Eletr\u00f4nico \u2013 e-MAG (<a class=\"external-link\" title=\"\" href=\"http:\/\/www.governoeletronico.gov.br\/biblioteca\/arquivos\/portaria-no-03-de-07-05-2007\" target=\"_self\">http:\/\/www.governoeletronico.gov.br\/biblioteca\/arquivos\/portaria-no-03-de-07-05-2007<\/a>).<\/li>\n<\/ul>\n<p>                    Texto retirado de: http:\/\/www.brasil.gov.br\/acessibilidade<\/p>\n","protected":false},"excerpt":{"rendered":"<p>FAODO segue novo modelo de identidade digital padr\u00e3o do governo federal, que atende \u00e0s principais recomenda\u00e7\u00f5es de acessibilidade indicadas para web O termo acessibilidade significa incluir a pessoa com defici\u00eancia na participa\u00e7\u00e3o de atividades como o uso de produtos, servi\u00e7os e informa\u00e7\u00f5es. Alguns exemplos s\u00e3o os pr\u00e9dios com rampas de acesso para cadeira de rodas [&hellip;]<\/p>\n","protected":false},"author":1,"featured_media":0,"parent":0,"menu_order":0,"comment_status":"closed","ping_status":"closed","template":"","meta":{"footnotes":""},"coauthors":[],"class_list":["post-580","page","type-page","status-publish","hentry"],"yoast_head":"<!-- This site is optimized with the Yoast SEO plugin v26.2 - https:\/\/yoast.com\/wordpress\/plugins\/seo\/ -->\n<title>Acessibilidade - FAODO<\/title>\n<meta name=\"robots\" content=\"index, follow, max-snippet:-1, max-image-preview:large, max-video-preview:-1\" \/>\n<link rel=\"canonical\" href=\"https:\/\/faodo.ufms.br\/acessibilidade\/\" \/>\n<meta property=\"og:locale\" content=\"en_US\" \/>\n<meta property=\"og:type\" content=\"article\" \/>\n<meta property=\"og:title\" content=\"Acessibilidade - FAODO\" \/>\n<meta property=\"og:description\" content=\"FAODO segue novo modelo de identidade digital padr\u00e3o do governo federal, que atende \u00e0s principais recomenda\u00e7\u00f5es de acessibilidade indicadas para web O termo acessibilidade significa incluir a pessoa com defici\u00eancia na participa\u00e7\u00e3o de atividades como o uso de produtos, servi\u00e7os e informa\u00e7\u00f5es. Alguns exemplos s\u00e3o os pr\u00e9dios com rampas de acesso para cadeira de rodas [&hellip;]\" \/>\n<meta property=\"og:url\" content=\"https:\/\/faodo.ufms.br\/acessibilidade\/\" \/>\n<meta property=\"og:site_name\" content=\"FAODO\" \/>\n<meta name=\"twitter:label1\" content=\"Est. reading time\" \/>\n\t<meta name=\"twitter:data1\" content=\"2 minutes\" \/>\n\t<meta name=\"twitter:label2\" content=\"Written by\" \/>\n\t<meta name=\"twitter:data2\" content=\"Administrador\" \/>\n<script type=\"application\/ld+json\" class=\"yoast-schema-graph\">{\"@context\":\"https:\/\/schema.org\",\"@graph\":[{\"@type\":\"WebPage\",\"@id\":\"https:\/\/faodo.ufms.br\/acessibilidade\/\",\"url\":\"https:\/\/faodo.ufms.br\/acessibilidade\/\",\"name\":\"Acessibilidade - FAODO\",\"isPartOf\":{\"@id\":\"https:\/\/faodo.ufms.br\/#website\"},\"datePublished\":\"2015-08-21T17:11:55+00:00\",\"breadcrumb\":{\"@id\":\"https:\/\/faodo.ufms.br\/acessibilidade\/#breadcrumb\"},\"inLanguage\":\"en-US\",\"potentialAction\":[{\"@type\":\"ReadAction\",\"target\":[\"https:\/\/faodo.ufms.br\/acessibilidade\/\"]}]},{\"@type\":\"BreadcrumbList\",\"@id\":\"https:\/\/faodo.ufms.br\/acessibilidade\/#breadcrumb\",\"itemListElement\":[{\"@type\":\"ListItem\",\"position\":1,\"name\":\"In\u00edcio\",\"item\":\"https:\/\/faodo.ufms.br\/\"},{\"@type\":\"ListItem\",\"position\":2,\"name\":\"Acessibilidade\"}]},{\"@type\":\"WebSite\",\"@id\":\"https:\/\/faodo.ufms.br\/#website\",\"url\":\"https:\/\/faodo.ufms.br\/\",\"name\":\"FAODO\",\"description\":\"Faculdade de Odontologia\",\"potentialAction\":[{\"@type\":\"SearchAction\",\"target\":{\"@type\":\"EntryPoint\",\"urlTemplate\":\"https:\/\/faodo.ufms.br\/?s={search_term_string}\"},\"query-input\":{\"@type\":\"PropertyValueSpecification\",\"valueRequired\":true,\"valueName\":\"search_term_string\"}}],\"inLanguage\":\"en-US\"}]}<\/script>\n<!-- \/ Yoast SEO plugin. -->","yoast_head_json":{"title":"Acessibilidade - FAODO","robots":{"index":"index","follow":"follow","max-snippet":"max-snippet:-1","max-image-preview":"max-image-preview:large","max-video-preview":"max-video-preview:-1"},"canonical":"https:\/\/faodo.ufms.br\/acessibilidade\/","og_locale":"en_US","og_type":"article","og_title":"Acessibilidade - FAODO","og_description":"FAODO segue novo modelo de identidade digital padr\u00e3o do governo federal, que atende \u00e0s principais recomenda\u00e7\u00f5es de acessibilidade indicadas para web O termo acessibilidade significa incluir a pessoa com defici\u00eancia na participa\u00e7\u00e3o de atividades como o uso de produtos, servi\u00e7os e informa\u00e7\u00f5es. Alguns exemplos s\u00e3o os pr\u00e9dios com rampas de acesso para cadeira de rodas [&hellip;]","og_url":"https:\/\/faodo.ufms.br\/acessibilidade\/","og_site_name":"FAODO","twitter_misc":{"Est. reading time":"2 minutes","Written by":"Administrador"},"schema":{"@context":"https:\/\/schema.org","@graph":[{"@type":"WebPage","@id":"https:\/\/faodo.ufms.br\/acessibilidade\/","url":"https:\/\/faodo.ufms.br\/acessibilidade\/","name":"Acessibilidade - FAODO","isPartOf":{"@id":"https:\/\/faodo.ufms.br\/#website"},"datePublished":"2015-08-21T17:11:55+00:00","breadcrumb":{"@id":"https:\/\/faodo.ufms.br\/acessibilidade\/#breadcrumb"},"inLanguage":"en-US","potentialAction":[{"@type":"ReadAction","target":["https:\/\/faodo.ufms.br\/acessibilidade\/"]}]},{"@type":"BreadcrumbList","@id":"https:\/\/faodo.ufms.br\/acessibilidade\/#breadcrumb","itemListElement":[{"@type":"ListItem","position":1,"name":"In\u00edcio","item":"https:\/\/faodo.ufms.br\/"},{"@type":"ListItem","position":2,"name":"Acessibilidade"}]},{"@type":"WebSite","@id":"https:\/\/faodo.ufms.br\/#website","url":"https:\/\/faodo.ufms.br\/","name":"FAODO","description":"Faculdade de Odontologia","potentialAction":[{"@type":"SearchAction","target":{"@type":"EntryPoint","urlTemplate":"https:\/\/faodo.ufms.br\/?s={search_term_string}"},"query-input":{"@type":"PropertyValueSpecification","valueRequired":true,"valueName":"search_term_string"}}],"inLanguage":"en-US"}]}},"_links":{"self":[{"href":"https:\/\/faodo.ufms.br\/en\/wp-json\/wp\/v2\/pages\/580","targetHints":{"allow":["GET"]}}],"collection":[{"href":"https:\/\/faodo.ufms.br\/en\/wp-json\/wp\/v2\/pages"}],"about":[{"href":"https:\/\/faodo.ufms.br\/en\/wp-json\/wp\/v2\/types\/page"}],"author":[{"embeddable":true,"href":"https:\/\/faodo.ufms.br\/en\/wp-json\/wp\/v2\/users\/1"}],"replies":[{"embeddable":true,"href":"https:\/\/faodo.ufms.br\/en\/wp-json\/wp\/v2\/comments?post=580"}],"version-history":[{"count":0,"href":"https:\/\/faodo.ufms.br\/en\/wp-json\/wp\/v2\/pages\/580\/revisions"}],"wp:attachment":[{"href":"https:\/\/faodo.ufms.br\/en\/wp-json\/wp\/v2\/media?parent=580"}],"wp:term":[{"taxonomy":"author","embeddable":true,"href":"https:\/\/faodo.ufms.br\/en\/wp-json\/wp\/v2\/coauthors?post=580"}],"curies":[{"name":"wp","href":"https:\/\/api.w.org\/{rel}","templated":true}]}}