{"id":3442,"date":"2026-03-27T20:16:17","date_gmt":"2026-03-27T20:16:17","guid":{"rendered":"https:\/\/faodo.ufms.br\/?page_id=3442"},"modified":"2026-03-27T20:16:17","modified_gmt":"2026-03-27T20:16:17","slug":"leap-laboratorio-de-escuta-e-apoio-psicologico","status":"publish","type":"page","link":"https:\/\/faodo.ufms.br\/en\/leap-laboratorio-de-escuta-e-apoio-psicologico\/","title":{"rendered":"(Portugu\u00eas do Brasil) LEAP \u2013 Laborat\u00f3rio de Escuta e Apoio Psicol\u00f3gico"},"content":{"rendered":"<p class=\"qtranxs-available-languages-message qtranxs-available-languages-message-en\">Sorry, this entry is only available in <a href=\"https:\/\/faodo.ufms.br\/pb\/wp-json\/wp\/v2\/pages\/3442\" class=\"qtranxs-available-language-link qtranxs-available-language-link-pb\" title=\"Portugu\u00eas do Brasil\">Portugu\u00eas do Brasil<\/a>.<\/p>","protected":false},"excerpt":{"rendered":"<p>Sorry, this entry is only available in Portugu\u00eas do Brasil.<\/p>\n","protected":false},"author":35522,"featured_media":0,"parent":0,"menu_order":0,"comment_status":"closed","ping_status":"closed","template":"","meta":{"footnotes":""},"coauthors":[45],"class_list":["post-3442","page","type-page","status-publish","hentry"],"yoast_head":"<!-- This site is optimized with the Yoast SEO plugin v26.2 - https:\/\/yoast.com\/wordpress\/plugins\/seo\/ -->\n<title><\/title>\n<meta name=\"robots\" content=\"index, follow, max-snippet:-1, max-image-preview:large, max-video-preview:-1\" \/>\n<link rel=\"canonical\" href=\"https:\/\/faodo.ufms.br\/leap-laboratorio-de-escuta-e-apoio-psicologico\/\" \/>\n<meta property=\"og:locale\" content=\"en_US\" \/>\n<meta property=\"og:type\" content=\"article\" \/>\n<meta property=\"og:title\" content=\"[:pb]LEAP \u2013 Laborat\u00f3rio de Escuta e Apoio Psicol\u00f3gico[:] - FAODO\" \/>\n<meta property=\"og:description\" content=\"Sorry, this entry is only available in Portugu\u00eas do Brasil.\" \/>\n<meta property=\"og:url\" content=\"https:\/\/faodo.ufms.br\/leap-laboratorio-de-escuta-e-apoio-psicologico\/\" \/>\n<meta property=\"og:site_name\" content=\"FAODO\" \/>\n<meta property=\"og:image\" content=\"https:\/\/faodo.ufms.br\/files\/2026\/03\/LEAP.jpeg\" \/>\n\t<meta property=\"og:image:width\" content=\"917\" \/>\n\t<meta property=\"og:image:height\" content=\"866\" \/>\n\t<meta property=\"og:image:type\" content=\"image\/jpeg\" \/>\n<meta name=\"twitter:label1\" content=\"Est. reading time\" \/>\n\t<meta name=\"twitter:data1\" content=\"1 minute\" \/>\n\t<meta name=\"twitter:label2\" content=\"Written by\" \/>\n\t<meta name=\"twitter:data2\" content=\"Andr\u00e9 Augusto Sippel da Silva\" \/>\n<script type=\"application\/ld+json\" class=\"yoast-schema-graph\">{\"@context\":\"https:\/\/schema.org\",\"@graph\":[{\"@type\":\"WebPage\",\"@id\":\"https:\/\/faodo.ufms.br\/leap-laboratorio-de-escuta-e-apoio-psicologico\/\",\"url\":\"https:\/\/faodo.ufms.br\/leap-laboratorio-de-escuta-e-apoio-psicologico\/\",\"name\":\"[:pb]LEAP \u2013 Laborat\u00f3rio de Escuta e Apoio Psicol\u00f3gico[:] - FAODO\",\"isPartOf\":{\"@id\":\"https:\/\/faodo.ufms.br\/#website\"},\"primaryImageOfPage\":{\"@id\":\"https:\/\/faodo.ufms.br\/leap-laboratorio-de-escuta-e-apoio-psicologico\/#primaryimage\"},\"image\":{\"@id\":\"https:\/\/faodo.ufms.br\/leap-laboratorio-de-escuta-e-apoio-psicologico\/#primaryimage\"},\"thumbnailUrl\":\"https:\/\/faodo.ufms.br\/files\/2026\/03\/LEAP-300x283.jpeg\",\"datePublished\":\"2026-03-27T20:16:17+00:00\",\"breadcrumb\":{\"@id\":\"https:\/\/faodo.ufms.br\/leap-laboratorio-de-escuta-e-apoio-psicologico\/#breadcrumb\"},\"inLanguage\":\"en-US\",\"potentialAction\":[{\"@type\":\"ReadAction\",\"target\":[\"https:\/\/faodo.ufms.br\/leap-laboratorio-de-escuta-e-apoio-psicologico\/\"]}]},{\"@type\":\"ImageObject\",\"inLanguage\":\"en-US\",\"@id\":\"https:\/\/faodo.ufms.br\/leap-laboratorio-de-escuta-e-apoio-psicologico\/#primaryimage\",\"url\":\"https:\/\/faodo.ufms.br\/files\/2026\/03\/LEAP-300x283.jpeg\",\"contentUrl\":\"https:\/\/faodo.ufms.br\/files\/2026\/03\/LEAP-300x283.jpeg\"},{\"@type\":\"BreadcrumbList\",\"@id\":\"https:\/\/faodo.ufms.br\/leap-laboratorio-de-escuta-e-apoio-psicologico\/#breadcrumb\",\"itemListElement\":[{\"@type\":\"ListItem\",\"position\":1,\"name\":\"In\u00edcio\",\"item\":\"https:\/\/faodo.ufms.br\/\"},{\"@type\":\"ListItem\",\"position\":2,\"name\":\"LEAP \u2013 Laborat\u00f3rio de Escuta e Apoio Psicol\u00f3gico\"}]},{\"@type\":\"WebSite\",\"@id\":\"https:\/\/faodo.ufms.br\/#website\",\"url\":\"https:\/\/faodo.ufms.br\/\",\"name\":\"FAODO\",\"description\":\"Faculdade de Odontologia\",\"potentialAction\":[{\"@type\":\"SearchAction\",\"target\":{\"@type\":\"EntryPoint\",\"urlTemplate\":\"https:\/\/faodo.ufms.br\/?s={search_term_string}\"},\"query-input\":{\"@type\":\"PropertyValueSpecification\",\"valueRequired\":true,\"valueName\":\"search_term_string\"}}],\"inLanguage\":\"en-US\"}]}<\/script>\n<!-- \/ Yoast SEO plugin. -->","yoast_head_json":{"title":"[:pb]LEAP \u2013 Laborat\u00f3rio de Escuta e Apoio Psicol\u00f3gico[:] - FAODO","robots":{"index":"index","follow":"follow","max-snippet":"max-snippet:-1","max-image-preview":"max-image-preview:large","max-video-preview":"max-video-preview:-1"},"canonical":"https:\/\/faodo.ufms.br\/leap-laboratorio-de-escuta-e-apoio-psicologico\/","og_locale":"en_US","og_type":"article","og_title":"[:pb]LEAP \u2013 Laborat\u00f3rio de Escuta e Apoio Psicol\u00f3gico[:] - FAODO","og_description":"Sorry, this entry is only available in Portugu\u00eas do Brasil.","og_url":"https:\/\/faodo.ufms.br\/leap-laboratorio-de-escuta-e-apoio-psicologico\/","og_site_name":"FAODO","og_image":[{"width":917,"height":866,"url":"https:\/\/faodo.ufms.br\/files\/2026\/03\/LEAP.jpeg","type":"image\/jpeg"}],"twitter_misc":{"Est. reading time":"1 minute","Written by":"Andr\u00e9 Augusto Sippel da Silva"},"schema":{"@context":"https:\/\/schema.org","@graph":[{"@type":"WebPage","@id":"https:\/\/faodo.ufms.br\/leap-laboratorio-de-escuta-e-apoio-psicologico\/","url":"https:\/\/faodo.ufms.br\/leap-laboratorio-de-escuta-e-apoio-psicologico\/","name":"[:pb]LEAP \u2013 Laborat\u00f3rio de Escuta e Apoio Psicol\u00f3gico[:] - FAODO","isPartOf":{"@id":"https:\/\/faodo.ufms.br\/#website"},"primaryImageOfPage":{"@id":"https:\/\/faodo.ufms.br\/leap-laboratorio-de-escuta-e-apoio-psicologico\/#primaryimage"},"image":{"@id":"https:\/\/faodo.ufms.br\/leap-laboratorio-de-escuta-e-apoio-psicologico\/#primaryimage"},"thumbnailUrl":"https:\/\/faodo.ufms.br\/files\/2026\/03\/LEAP-300x283.jpeg","datePublished":"2026-03-27T20:16:17+00:00","breadcrumb":{"@id":"https:\/\/faodo.ufms.br\/leap-laboratorio-de-escuta-e-apoio-psicologico\/#breadcrumb"},"inLanguage":"en-US","potentialAction":[{"@type":"ReadAction","target":["https:\/\/faodo.ufms.br\/leap-laboratorio-de-escuta-e-apoio-psicologico\/"]}]},{"@type":"ImageObject","inLanguage":"en-US","@id":"https:\/\/faodo.ufms.br\/leap-laboratorio-de-escuta-e-apoio-psicologico\/#primaryimage","url":"https:\/\/faodo.ufms.br\/files\/2026\/03\/LEAP-300x283.jpeg","contentUrl":"https:\/\/faodo.ufms.br\/files\/2026\/03\/LEAP-300x283.jpeg"},{"@type":"BreadcrumbList","@id":"https:\/\/faodo.ufms.br\/leap-laboratorio-de-escuta-e-apoio-psicologico\/#breadcrumb","itemListElement":[{"@type":"ListItem","position":1,"name":"In\u00edcio","item":"https:\/\/faodo.ufms.br\/"},{"@type":"ListItem","position":2,"name":"LEAP \u2013 Laborat\u00f3rio de Escuta e Apoio Psicol\u00f3gico"}]},{"@type":"WebSite","@id":"https:\/\/faodo.ufms.br\/#website","url":"https:\/\/faodo.ufms.br\/","name":"FAODO","description":"Faculdade de Odontologia","potentialAction":[{"@type":"SearchAction","target":{"@type":"EntryPoint","urlTemplate":"https:\/\/faodo.ufms.br\/?s={search_term_string}"},"query-input":{"@type":"PropertyValueSpecification","valueRequired":true,"valueName":"search_term_string"}}],"inLanguage":"en-US"}]}},"_links":{"self":[{"href":"https:\/\/faodo.ufms.br\/en\/wp-json\/wp\/v2\/pages\/3442","targetHints":{"allow":["GET"]}}],"collection":[{"href":"https:\/\/faodo.ufms.br\/en\/wp-json\/wp\/v2\/pages"}],"about":[{"href":"https:\/\/faodo.ufms.br\/en\/wp-json\/wp\/v2\/types\/page"}],"author":[{"embeddable":true,"href":"https:\/\/faodo.ufms.br\/en\/wp-json\/wp\/v2\/users\/35522"}],"replies":[{"embeddable":true,"href":"https:\/\/faodo.ufms.br\/en\/wp-json\/wp\/v2\/comments?post=3442"}],"version-history":[{"count":3,"href":"https:\/\/faodo.ufms.br\/en\/wp-json\/wp\/v2\/pages\/3442\/revisions"}],"predecessor-version":[{"id":3446,"href":"https:\/\/faodo.ufms.br\/en\/wp-json\/wp\/v2\/pages\/3442\/revisions\/3446"}],"wp:attachment":[{"href":"https:\/\/faodo.ufms.br\/en\/wp-json\/wp\/v2\/media?parent=3442"}],"wp:term":[{"taxonomy":"author","embeddable":true,"href":"https:\/\/faodo.ufms.br\/en\/wp-json\/wp\/v2\/coauthors?post=3442"}],"curies":[{"name":"wp","href":"https:\/\/api.w.org\/{rel}","templated":true}]}}