{"id":3421,"date":"2026-03-27T18:05:22","date_gmt":"2026-03-27T18:05:22","guid":{"rendered":"https:\/\/faodo.ufms.br\/?page_id=3421"},"modified":"2026-03-27T18:09:34","modified_gmt":"2026-03-27T18:09:34","slug":"liga-academica-multidisciplinar-de-diagnostico-oral","status":"publish","type":"page","link":"https:\/\/faodo.ufms.br\/en\/liga-academica-multidisciplinar-de-diagnostico-oral\/","title":{"rendered":"(Portugu\u00eas do Brasil) Liga Acad\u00eamica Multidisciplinar de Diagn\u00f3stico Oral"},"content":{"rendered":"<p class=\"qtranxs-available-languages-message qtranxs-available-languages-message-en\">Sorry, this entry is only available in <a href=\"https:\/\/faodo.ufms.br\/pb\/wp-json\/wp\/v2\/pages\/3421\" class=\"qtranxs-available-language-link qtranxs-available-language-link-pb\" title=\"Portugu\u00eas do Brasil\">Portugu\u00eas do Brasil<\/a>.<\/p>","protected":false},"excerpt":{"rendered":"<p>Sorry, this entry is only available in Portugu\u00eas do Brasil.<\/p>\n","protected":false},"author":35522,"featured_media":0,"parent":0,"menu_order":0,"comment_status":"closed","ping_status":"closed","template":"","meta":{"footnotes":""},"coauthors":[45],"class_list":["post-3421","page","type-page","status-publish","hentry"],"yoast_head":"<!-- This site is optimized with the Yoast SEO plugin v26.2 - https:\/\/yoast.com\/wordpress\/plugins\/seo\/ -->\n<title><\/title>\n<meta name=\"robots\" content=\"index, follow, max-snippet:-1, max-image-preview:large, max-video-preview:-1\" \/>\n<link rel=\"canonical\" href=\"https:\/\/faodo.ufms.br\/liga-academica-multidisciplinar-de-diagnostico-oral\/\" \/>\n<meta property=\"og:locale\" content=\"en_US\" \/>\n<meta property=\"og:type\" content=\"article\" \/>\n<meta property=\"og:title\" content=\"[:pb]Liga Acad\u00eamica Multidisciplinar de Diagn\u00f3stico Oral[:] - FAODO\" \/>\n<meta property=\"og:description\" content=\"Sorry, this entry is only available in Portugu\u00eas do Brasil.\" \/>\n<meta property=\"og:url\" content=\"https:\/\/faodo.ufms.br\/liga-academica-multidisciplinar-de-diagnostico-oral\/\" \/>\n<meta property=\"og:site_name\" content=\"FAODO\" \/>\n<meta property=\"article:modified_time\" content=\"2026-03-27T18:09:34+00:00\" \/>\n<meta property=\"og:image\" content=\"https:\/\/faodo.ufms.br\/files\/2026\/03\/logomarca-LAMDO.png\" \/>\n\t<meta property=\"og:image:width\" content=\"1063\" \/>\n\t<meta property=\"og:image:height\" content=\"1063\" \/>\n\t<meta property=\"og:image:type\" content=\"image\/png\" \/>\n<meta name=\"twitter:label1\" content=\"Est. reading time\" \/>\n\t<meta name=\"twitter:data1\" content=\"2 minutes\" \/>\n\t<meta name=\"twitter:label2\" content=\"Written by\" \/>\n\t<meta name=\"twitter:data2\" content=\"Andr\u00e9 Augusto Sippel da Silva\" \/>\n<script type=\"application\/ld+json\" class=\"yoast-schema-graph\">{\"@context\":\"https:\/\/schema.org\",\"@graph\":[{\"@type\":\"WebPage\",\"@id\":\"https:\/\/faodo.ufms.br\/liga-academica-multidisciplinar-de-diagnostico-oral\/\",\"url\":\"https:\/\/faodo.ufms.br\/liga-academica-multidisciplinar-de-diagnostico-oral\/\",\"name\":\"[:pb]Liga Acad\u00eamica Multidisciplinar de Diagn\u00f3stico Oral[:] - FAODO\",\"isPartOf\":{\"@id\":\"https:\/\/faodo.ufms.br\/#website\"},\"primaryImageOfPage\":{\"@id\":\"https:\/\/faodo.ufms.br\/liga-academica-multidisciplinar-de-diagnostico-oral\/#primaryimage\"},\"image\":{\"@id\":\"https:\/\/faodo.ufms.br\/liga-academica-multidisciplinar-de-diagnostico-oral\/#primaryimage\"},\"thumbnailUrl\":\"https:\/\/faodo.ufms.br\/files\/2026\/03\/logomarca-LAMDO-300x300.png\",\"datePublished\":\"2026-03-27T18:05:22+00:00\",\"dateModified\":\"2026-03-27T18:09:34+00:00\",\"breadcrumb\":{\"@id\":\"https:\/\/faodo.ufms.br\/liga-academica-multidisciplinar-de-diagnostico-oral\/#breadcrumb\"},\"inLanguage\":\"en-US\",\"potentialAction\":[{\"@type\":\"ReadAction\",\"target\":[\"https:\/\/faodo.ufms.br\/liga-academica-multidisciplinar-de-diagnostico-oral\/\"]}]},{\"@type\":\"ImageObject\",\"inLanguage\":\"en-US\",\"@id\":\"https:\/\/faodo.ufms.br\/liga-academica-multidisciplinar-de-diagnostico-oral\/#primaryimage\",\"url\":\"https:\/\/faodo.ufms.br\/files\/2026\/03\/logomarca-LAMDO-300x300.png\",\"contentUrl\":\"https:\/\/faodo.ufms.br\/files\/2026\/03\/logomarca-LAMDO-300x300.png\"},{\"@type\":\"BreadcrumbList\",\"@id\":\"https:\/\/faodo.ufms.br\/liga-academica-multidisciplinar-de-diagnostico-oral\/#breadcrumb\",\"itemListElement\":[{\"@type\":\"ListItem\",\"position\":1,\"name\":\"In\u00edcio\",\"item\":\"https:\/\/faodo.ufms.br\/\"},{\"@type\":\"ListItem\",\"position\":2,\"name\":\"Liga Acad\u00eamica Multidisciplinar de Diagn\u00f3stico Oral\"}]},{\"@type\":\"WebSite\",\"@id\":\"https:\/\/faodo.ufms.br\/#website\",\"url\":\"https:\/\/faodo.ufms.br\/\",\"name\":\"FAODO\",\"description\":\"Faculdade de Odontologia\",\"potentialAction\":[{\"@type\":\"SearchAction\",\"target\":{\"@type\":\"EntryPoint\",\"urlTemplate\":\"https:\/\/faodo.ufms.br\/?s={search_term_string}\"},\"query-input\":{\"@type\":\"PropertyValueSpecification\",\"valueRequired\":true,\"valueName\":\"search_term_string\"}}],\"inLanguage\":\"en-US\"}]}<\/script>\n<!-- \/ Yoast SEO plugin. -->","yoast_head_json":{"title":"[:pb]Liga Acad\u00eamica Multidisciplinar de Diagn\u00f3stico Oral[:] - FAODO","robots":{"index":"index","follow":"follow","max-snippet":"max-snippet:-1","max-image-preview":"max-image-preview:large","max-video-preview":"max-video-preview:-1"},"canonical":"https:\/\/faodo.ufms.br\/liga-academica-multidisciplinar-de-diagnostico-oral\/","og_locale":"en_US","og_type":"article","og_title":"[:pb]Liga Acad\u00eamica Multidisciplinar de Diagn\u00f3stico Oral[:] - FAODO","og_description":"Sorry, this entry is only available in Portugu\u00eas do Brasil.","og_url":"https:\/\/faodo.ufms.br\/liga-academica-multidisciplinar-de-diagnostico-oral\/","og_site_name":"FAODO","article_modified_time":"2026-03-27T18:09:34+00:00","og_image":[{"width":1063,"height":1063,"url":"https:\/\/faodo.ufms.br\/files\/2026\/03\/logomarca-LAMDO.png","type":"image\/png"}],"twitter_misc":{"Est. reading time":"2 minutes","Written by":"Andr\u00e9 Augusto Sippel da Silva"},"schema":{"@context":"https:\/\/schema.org","@graph":[{"@type":"WebPage","@id":"https:\/\/faodo.ufms.br\/liga-academica-multidisciplinar-de-diagnostico-oral\/","url":"https:\/\/faodo.ufms.br\/liga-academica-multidisciplinar-de-diagnostico-oral\/","name":"[:pb]Liga Acad\u00eamica Multidisciplinar de Diagn\u00f3stico Oral[:] - FAODO","isPartOf":{"@id":"https:\/\/faodo.ufms.br\/#website"},"primaryImageOfPage":{"@id":"https:\/\/faodo.ufms.br\/liga-academica-multidisciplinar-de-diagnostico-oral\/#primaryimage"},"image":{"@id":"https:\/\/faodo.ufms.br\/liga-academica-multidisciplinar-de-diagnostico-oral\/#primaryimage"},"thumbnailUrl":"https:\/\/faodo.ufms.br\/files\/2026\/03\/logomarca-LAMDO-300x300.png","datePublished":"2026-03-27T18:05:22+00:00","dateModified":"2026-03-27T18:09:34+00:00","breadcrumb":{"@id":"https:\/\/faodo.ufms.br\/liga-academica-multidisciplinar-de-diagnostico-oral\/#breadcrumb"},"inLanguage":"en-US","potentialAction":[{"@type":"ReadAction","target":["https:\/\/faodo.ufms.br\/liga-academica-multidisciplinar-de-diagnostico-oral\/"]}]},{"@type":"ImageObject","inLanguage":"en-US","@id":"https:\/\/faodo.ufms.br\/liga-academica-multidisciplinar-de-diagnostico-oral\/#primaryimage","url":"https:\/\/faodo.ufms.br\/files\/2026\/03\/logomarca-LAMDO-300x300.png","contentUrl":"https:\/\/faodo.ufms.br\/files\/2026\/03\/logomarca-LAMDO-300x300.png"},{"@type":"BreadcrumbList","@id":"https:\/\/faodo.ufms.br\/liga-academica-multidisciplinar-de-diagnostico-oral\/#breadcrumb","itemListElement":[{"@type":"ListItem","position":1,"name":"In\u00edcio","item":"https:\/\/faodo.ufms.br\/"},{"@type":"ListItem","position":2,"name":"Liga Acad\u00eamica Multidisciplinar de Diagn\u00f3stico Oral"}]},{"@type":"WebSite","@id":"https:\/\/faodo.ufms.br\/#website","url":"https:\/\/faodo.ufms.br\/","name":"FAODO","description":"Faculdade de Odontologia","potentialAction":[{"@type":"SearchAction","target":{"@type":"EntryPoint","urlTemplate":"https:\/\/faodo.ufms.br\/?s={search_term_string}"},"query-input":{"@type":"PropertyValueSpecification","valueRequired":true,"valueName":"search_term_string"}}],"inLanguage":"en-US"}]}},"_links":{"self":[{"href":"https:\/\/faodo.ufms.br\/en\/wp-json\/wp\/v2\/pages\/3421","targetHints":{"allow":["GET"]}}],"collection":[{"href":"https:\/\/faodo.ufms.br\/en\/wp-json\/wp\/v2\/pages"}],"about":[{"href":"https:\/\/faodo.ufms.br\/en\/wp-json\/wp\/v2\/types\/page"}],"author":[{"embeddable":true,"href":"https:\/\/faodo.ufms.br\/en\/wp-json\/wp\/v2\/users\/35522"}],"replies":[{"embeddable":true,"href":"https:\/\/faodo.ufms.br\/en\/wp-json\/wp\/v2\/comments?post=3421"}],"version-history":[{"count":3,"href":"https:\/\/faodo.ufms.br\/en\/wp-json\/wp\/v2\/pages\/3421\/revisions"}],"predecessor-version":[{"id":3427,"href":"https:\/\/faodo.ufms.br\/en\/wp-json\/wp\/v2\/pages\/3421\/revisions\/3427"}],"wp:attachment":[{"href":"https:\/\/faodo.ufms.br\/en\/wp-json\/wp\/v2\/media?parent=3421"}],"wp:term":[{"taxonomy":"author","embeddable":true,"href":"https:\/\/faodo.ufms.br\/en\/wp-json\/wp\/v2\/coauthors?post=3421"}],"curies":[{"name":"wp","href":"https:\/\/api.w.org\/{rel}","templated":true}]}}