{"id":3413,"date":"2026-03-27T17:56:35","date_gmt":"2026-03-27T17:56:35","guid":{"rendered":"https:\/\/faodo.ufms.br\/?page_id=3413"},"modified":"2026-03-27T18:00:27","modified_gmt":"2026-03-27T18:00:27","slug":"residencia-uniprofissional-em-radiologia-odontologica-e-imaginologia","status":"publish","type":"page","link":"https:\/\/faodo.ufms.br\/en\/residencia-uniprofissional-em-radiologia-odontologica-e-imaginologia\/","title":{"rendered":"(Portugu\u00eas do Brasil) Resid\u00eancia em Radiologia Odontol\u00f3gica e Imaginologia"},"content":{"rendered":"<p class=\"qtranxs-available-languages-message qtranxs-available-languages-message-en\">Sorry, this entry is only available in <a href=\"https:\/\/faodo.ufms.br\/pb\/wp-json\/wp\/v2\/pages\/3413\" class=\"qtranxs-available-language-link qtranxs-available-language-link-pb\" title=\"Portugu\u00eas do Brasil\">Portugu\u00eas do Brasil<\/a>.<\/p>","protected":false},"excerpt":{"rendered":"<p>Sorry, this entry is only available in Portugu\u00eas do Brasil.<\/p>\n","protected":false},"author":35522,"featured_media":0,"parent":0,"menu_order":0,"comment_status":"closed","ping_status":"closed","template":"page-templates\/page-coordenadorias.php","meta":{"footnotes":""},"coauthors":[45],"class_list":["post-3413","page","type-page","status-publish","hentry"],"yoast_head":"<!-- This site is optimized with the Yoast SEO plugin v26.2 - https:\/\/yoast.com\/wordpress\/plugins\/seo\/ -->\n<title><\/title>\n<meta name=\"robots\" content=\"index, follow, max-snippet:-1, max-image-preview:large, max-video-preview:-1\" \/>\n<link rel=\"canonical\" href=\"https:\/\/faodo.ufms.br\/residencia-uniprofissional-em-radiologia-odontologica-e-imaginologia\/\" \/>\n<meta property=\"og:locale\" content=\"en_US\" \/>\n<meta property=\"og:type\" content=\"article\" \/>\n<meta property=\"og:title\" content=\"[:pb]Resid\u00eancia em Radiologia Odontol\u00f3gica e Imaginologia[:] - FAODO\" \/>\n<meta property=\"og:description\" content=\"Sorry, this entry is only available in Portugu\u00eas do Brasil.\" \/>\n<meta property=\"og:url\" content=\"https:\/\/faodo.ufms.br\/residencia-uniprofissional-em-radiologia-odontologica-e-imaginologia\/\" \/>\n<meta property=\"og:site_name\" content=\"FAODO\" \/>\n<meta property=\"article:modified_time\" content=\"2026-03-27T18:00:27+00:00\" \/>\n<meta property=\"og:image\" content=\"https:\/\/faodo.ufms.br\/files\/2026\/03\/Logo-Residencia-em-Radiologia-Odontologica.jpg.jpeg\" \/>\n\t<meta property=\"og:image:width\" content=\"1941\" \/>\n\t<meta property=\"og:image:height\" content=\"1833\" \/>\n\t<meta property=\"og:image:type\" content=\"image\/jpeg\" \/>\n<meta name=\"twitter:label1\" content=\"Est. reading time\" \/>\n\t<meta name=\"twitter:data1\" content=\"3 minutes\" \/>\n\t<meta name=\"twitter:label2\" content=\"Written by\" \/>\n\t<meta name=\"twitter:data2\" content=\"Andr\u00e9 Augusto Sippel da Silva\" \/>\n<script type=\"application\/ld+json\" class=\"yoast-schema-graph\">{\"@context\":\"https:\/\/schema.org\",\"@graph\":[{\"@type\":\"WebPage\",\"@id\":\"https:\/\/faodo.ufms.br\/residencia-uniprofissional-em-radiologia-odontologica-e-imaginologia\/\",\"url\":\"https:\/\/faodo.ufms.br\/residencia-uniprofissional-em-radiologia-odontologica-e-imaginologia\/\",\"name\":\"[:pb]Resid\u00eancia em Radiologia Odontol\u00f3gica e Imaginologia[:] - FAODO\",\"isPartOf\":{\"@id\":\"https:\/\/faodo.ufms.br\/#website\"},\"primaryImageOfPage\":{\"@id\":\"https:\/\/faodo.ufms.br\/residencia-uniprofissional-em-radiologia-odontologica-e-imaginologia\/#primaryimage\"},\"image\":{\"@id\":\"https:\/\/faodo.ufms.br\/residencia-uniprofissional-em-radiologia-odontologica-e-imaginologia\/#primaryimage\"},\"thumbnailUrl\":\"https:\/\/faodo.ufms.br\/files\/2026\/03\/Logo-Residencia-em-Radiologia-Odontologica.jpg-300x283.jpeg\",\"datePublished\":\"2026-03-27T17:56:35+00:00\",\"dateModified\":\"2026-03-27T18:00:27+00:00\",\"breadcrumb\":{\"@id\":\"https:\/\/faodo.ufms.br\/residencia-uniprofissional-em-radiologia-odontologica-e-imaginologia\/#breadcrumb\"},\"inLanguage\":\"en-US\",\"potentialAction\":[{\"@type\":\"ReadAction\",\"target\":[\"https:\/\/faodo.ufms.br\/residencia-uniprofissional-em-radiologia-odontologica-e-imaginologia\/\"]}]},{\"@type\":\"ImageObject\",\"inLanguage\":\"en-US\",\"@id\":\"https:\/\/faodo.ufms.br\/residencia-uniprofissional-em-radiologia-odontologica-e-imaginologia\/#primaryimage\",\"url\":\"https:\/\/faodo.ufms.br\/files\/2026\/03\/Logo-Residencia-em-Radiologia-Odontologica.jpg-300x283.jpeg\",\"contentUrl\":\"https:\/\/faodo.ufms.br\/files\/2026\/03\/Logo-Residencia-em-Radiologia-Odontologica.jpg-300x283.jpeg\"},{\"@type\":\"BreadcrumbList\",\"@id\":\"https:\/\/faodo.ufms.br\/residencia-uniprofissional-em-radiologia-odontologica-e-imaginologia\/#breadcrumb\",\"itemListElement\":[{\"@type\":\"ListItem\",\"position\":1,\"name\":\"In\u00edcio\",\"item\":\"https:\/\/faodo.ufms.br\/\"},{\"@type\":\"ListItem\",\"position\":2,\"name\":\"Resid\u00eancia em Radiologia Odontol\u00f3gica e Imaginologia\"}]},{\"@type\":\"WebSite\",\"@id\":\"https:\/\/faodo.ufms.br\/#website\",\"url\":\"https:\/\/faodo.ufms.br\/\",\"name\":\"FAODO\",\"description\":\"Faculdade de Odontologia\",\"potentialAction\":[{\"@type\":\"SearchAction\",\"target\":{\"@type\":\"EntryPoint\",\"urlTemplate\":\"https:\/\/faodo.ufms.br\/?s={search_term_string}\"},\"query-input\":{\"@type\":\"PropertyValueSpecification\",\"valueRequired\":true,\"valueName\":\"search_term_string\"}}],\"inLanguage\":\"en-US\"}]}<\/script>\n<!-- \/ Yoast SEO plugin. -->","yoast_head_json":{"title":"[:pb]Resid\u00eancia em Radiologia Odontol\u00f3gica e Imaginologia[:] - FAODO","robots":{"index":"index","follow":"follow","max-snippet":"max-snippet:-1","max-image-preview":"max-image-preview:large","max-video-preview":"max-video-preview:-1"},"canonical":"https:\/\/faodo.ufms.br\/residencia-uniprofissional-em-radiologia-odontologica-e-imaginologia\/","og_locale":"en_US","og_type":"article","og_title":"[:pb]Resid\u00eancia em Radiologia Odontol\u00f3gica e Imaginologia[:] - FAODO","og_description":"Sorry, this entry is only available in Portugu\u00eas do Brasil.","og_url":"https:\/\/faodo.ufms.br\/residencia-uniprofissional-em-radiologia-odontologica-e-imaginologia\/","og_site_name":"FAODO","article_modified_time":"2026-03-27T18:00:27+00:00","og_image":[{"width":1941,"height":1833,"url":"https:\/\/faodo.ufms.br\/files\/2026\/03\/Logo-Residencia-em-Radiologia-Odontologica.jpg.jpeg","type":"image\/jpeg"}],"twitter_misc":{"Est. reading time":"3 minutes","Written by":"Andr\u00e9 Augusto Sippel da Silva"},"schema":{"@context":"https:\/\/schema.org","@graph":[{"@type":"WebPage","@id":"https:\/\/faodo.ufms.br\/residencia-uniprofissional-em-radiologia-odontologica-e-imaginologia\/","url":"https:\/\/faodo.ufms.br\/residencia-uniprofissional-em-radiologia-odontologica-e-imaginologia\/","name":"[:pb]Resid\u00eancia em Radiologia Odontol\u00f3gica e Imaginologia[:] - FAODO","isPartOf":{"@id":"https:\/\/faodo.ufms.br\/#website"},"primaryImageOfPage":{"@id":"https:\/\/faodo.ufms.br\/residencia-uniprofissional-em-radiologia-odontologica-e-imaginologia\/#primaryimage"},"image":{"@id":"https:\/\/faodo.ufms.br\/residencia-uniprofissional-em-radiologia-odontologica-e-imaginologia\/#primaryimage"},"thumbnailUrl":"https:\/\/faodo.ufms.br\/files\/2026\/03\/Logo-Residencia-em-Radiologia-Odontologica.jpg-300x283.jpeg","datePublished":"2026-03-27T17:56:35+00:00","dateModified":"2026-03-27T18:00:27+00:00","breadcrumb":{"@id":"https:\/\/faodo.ufms.br\/residencia-uniprofissional-em-radiologia-odontologica-e-imaginologia\/#breadcrumb"},"inLanguage":"en-US","potentialAction":[{"@type":"ReadAction","target":["https:\/\/faodo.ufms.br\/residencia-uniprofissional-em-radiologia-odontologica-e-imaginologia\/"]}]},{"@type":"ImageObject","inLanguage":"en-US","@id":"https:\/\/faodo.ufms.br\/residencia-uniprofissional-em-radiologia-odontologica-e-imaginologia\/#primaryimage","url":"https:\/\/faodo.ufms.br\/files\/2026\/03\/Logo-Residencia-em-Radiologia-Odontologica.jpg-300x283.jpeg","contentUrl":"https:\/\/faodo.ufms.br\/files\/2026\/03\/Logo-Residencia-em-Radiologia-Odontologica.jpg-300x283.jpeg"},{"@type":"BreadcrumbList","@id":"https:\/\/faodo.ufms.br\/residencia-uniprofissional-em-radiologia-odontologica-e-imaginologia\/#breadcrumb","itemListElement":[{"@type":"ListItem","position":1,"name":"In\u00edcio","item":"https:\/\/faodo.ufms.br\/"},{"@type":"ListItem","position":2,"name":"Resid\u00eancia em Radiologia Odontol\u00f3gica e Imaginologia"}]},{"@type":"WebSite","@id":"https:\/\/faodo.ufms.br\/#website","url":"https:\/\/faodo.ufms.br\/","name":"FAODO","description":"Faculdade de Odontologia","potentialAction":[{"@type":"SearchAction","target":{"@type":"EntryPoint","urlTemplate":"https:\/\/faodo.ufms.br\/?s={search_term_string}"},"query-input":{"@type":"PropertyValueSpecification","valueRequired":true,"valueName":"search_term_string"}}],"inLanguage":"en-US"}]}},"_links":{"self":[{"href":"https:\/\/faodo.ufms.br\/en\/wp-json\/wp\/v2\/pages\/3413","targetHints":{"allow":["GET"]}}],"collection":[{"href":"https:\/\/faodo.ufms.br\/en\/wp-json\/wp\/v2\/pages"}],"about":[{"href":"https:\/\/faodo.ufms.br\/en\/wp-json\/wp\/v2\/types\/page"}],"author":[{"embeddable":true,"href":"https:\/\/faodo.ufms.br\/en\/wp-json\/wp\/v2\/users\/35522"}],"replies":[{"embeddable":true,"href":"https:\/\/faodo.ufms.br\/en\/wp-json\/wp\/v2\/comments?post=3413"}],"version-history":[{"count":4,"href":"https:\/\/faodo.ufms.br\/en\/wp-json\/wp\/v2\/pages\/3413\/revisions"}],"predecessor-version":[{"id":3420,"href":"https:\/\/faodo.ufms.br\/en\/wp-json\/wp\/v2\/pages\/3413\/revisions\/3420"}],"wp:attachment":[{"href":"https:\/\/faodo.ufms.br\/en\/wp-json\/wp\/v2\/media?parent=3413"}],"wp:term":[{"taxonomy":"author","embeddable":true,"href":"https:\/\/faodo.ufms.br\/en\/wp-json\/wp\/v2\/coauthors?post=3413"}],"curies":[{"name":"wp","href":"https:\/\/api.w.org\/{rel}","templated":true}]}}