{"id":257,"date":"2014-11-13T17:23:39","date_gmt":"2014-11-13T17:23:39","guid":{"rendered":"http:\/\/faodo.draconis.ufms.br\/?page_id=257"},"modified":"2016-11-17T03:54:22","modified_gmt":"2016-11-17T03:54:22","slug":"projetos-de-iniciacao-cientifica","status":"publish","type":"page","link":"https:\/\/faodo.ufms.br\/en\/projetos-de-iniciacao-cientifica\/","title":{"rendered":"Scientific Initiation projects"},"content":{"rendered":"Scientific Initiation means the development of the student\u00a0researcher, in a work plan, which contains the prediction of the research activities and scientific analysis that will be developed by the student, within a Research Project of a professor of the University, approved by the Board of Research and Graduate Studies, generally guided by a teacher. May only participate in the scientific initiation program the students that are regularly enrolled in undergraduate courses of the Federal University of Mato Grosso do Sul, excluding those who have already graduated.<\/p>\n<p>&nbsp;<\/p>\n<p>Goals of the Scientific Initiation program:<\/p>\n<p>to encourage and generate interest in scientific and technological research;<\/p>\n<p>to provide conditions for the effective development of academic potential, focusing in the scientific production; and<\/p>\n<p>provide the student with knowledge on scientific methodology so he or she can develop research activities.<\/p>\n<p>&nbsp;<\/p>\n<p>More information<\/p>\n<p><a href=\"http:\/\/www.propp.ufms.br\/index.php?section=pesquisa&amp;itemId=96\" target=\"_blank\">http:\/\/www.propp.ufms.br\/index.php?section=pesquisa&amp;itemId=96<\/a>","protected":false},"excerpt":{"rendered":"<p>Scientific Initiation means the development of the student\u00a0researcher, in a work plan, which contains the prediction of the research activities and scientific analysis that will be developed by the student, within a Research Project of a professor of the University, approved by the Board of Research and Graduate Studies, generally guided by a teacher. May [&hellip;]<\/p>\n","protected":false},"author":1678,"featured_media":0,"parent":0,"menu_order":0,"comment_status":"closed","ping_status":"closed","template":"","meta":{"footnotes":""},"coauthors":[],"class_list":["post-257","page","type-page","status-publish","hentry"],"yoast_head":"<!-- This site is optimized with the Yoast SEO plugin v26.2 - https:\/\/yoast.com\/wordpress\/plugins\/seo\/ -->\n<title>Scientific Initiation projects - FAODO<\/title>\n<meta name=\"robots\" content=\"index, follow, max-snippet:-1, max-image-preview:large, max-video-preview:-1\" \/>\n<link rel=\"canonical\" href=\"https:\/\/faodo.ufms.br\/projetos-de-iniciacao-cientifica\/\" \/>\n<meta property=\"og:locale\" content=\"en_US\" \/>\n<meta property=\"og:type\" content=\"article\" \/>\n<meta property=\"og:title\" content=\"[:en]Scientific Initiation projects[:pb]Projetos de Inicia\u00e7\u00e3o Cient\u00edfica[:] - FAODO\" \/>\n<meta property=\"og:description\" content=\"Scientific Initiation means the development of the student\u00a0researcher, in a work plan, which contains the prediction of the research activities and scientific analysis that will be developed by the student, within a Research Project of a professor of the University, approved by the Board of Research and Graduate Studies, generally guided by a teacher. May [&hellip;]\" \/>\n<meta property=\"og:url\" content=\"https:\/\/faodo.ufms.br\/projetos-de-iniciacao-cientifica\/\" \/>\n<meta property=\"og:site_name\" content=\"FAODO\" \/>\n<meta property=\"article:modified_time\" content=\"2016-11-17T03:54:22+00:00\" \/>\n<meta name=\"twitter:label1\" content=\"Est. reading time\" \/>\n\t<meta name=\"twitter:data1\" content=\"2 minutes\" \/>\n\t<meta name=\"twitter:label2\" content=\"Written by\" \/>\n\t<meta name=\"twitter:data2\" content=\"Giovane Luiz Starch Perlin\" \/>\n<script type=\"application\/ld+json\" class=\"yoast-schema-graph\">{\"@context\":\"https:\/\/schema.org\",\"@graph\":[{\"@type\":\"WebPage\",\"@id\":\"https:\/\/faodo.ufms.br\/projetos-de-iniciacao-cientifica\/\",\"url\":\"https:\/\/faodo.ufms.br\/projetos-de-iniciacao-cientifica\/\",\"name\":\"[:en]Scientific Initiation projects[:pb]Projetos de Inicia\u00e7\u00e3o Cient\u00edfica[:] - FAODO\",\"isPartOf\":{\"@id\":\"https:\/\/faodo.ufms.br\/#website\"},\"datePublished\":\"2014-11-13T17:23:39+00:00\",\"dateModified\":\"2016-11-17T03:54:22+00:00\",\"breadcrumb\":{\"@id\":\"https:\/\/faodo.ufms.br\/projetos-de-iniciacao-cientifica\/#breadcrumb\"},\"inLanguage\":\"en-US\",\"potentialAction\":[{\"@type\":\"ReadAction\",\"target\":[\"https:\/\/faodo.ufms.br\/projetos-de-iniciacao-cientifica\/\"]}]},{\"@type\":\"BreadcrumbList\",\"@id\":\"https:\/\/faodo.ufms.br\/projetos-de-iniciacao-cientifica\/#breadcrumb\",\"itemListElement\":[{\"@type\":\"ListItem\",\"position\":1,\"name\":\"In\u00edcio\",\"item\":\"https:\/\/faodo.ufms.br\/\"},{\"@type\":\"ListItem\",\"position\":2,\"name\":\"Projetos de Inicia\u00e7\u00e3o Cient\u00edfica\"}]},{\"@type\":\"WebSite\",\"@id\":\"https:\/\/faodo.ufms.br\/#website\",\"url\":\"https:\/\/faodo.ufms.br\/\",\"name\":\"FAODO\",\"description\":\"Faculdade de Odontologia\",\"potentialAction\":[{\"@type\":\"SearchAction\",\"target\":{\"@type\":\"EntryPoint\",\"urlTemplate\":\"https:\/\/faodo.ufms.br\/?s={search_term_string}\"},\"query-input\":{\"@type\":\"PropertyValueSpecification\",\"valueRequired\":true,\"valueName\":\"search_term_string\"}}],\"inLanguage\":\"en-US\"}]}<\/script>\n<!-- \/ Yoast SEO plugin. -->","yoast_head_json":{"title":"[:en]Scientific Initiation projects[:pb]Projetos de Inicia\u00e7\u00e3o Cient\u00edfica[:] - FAODO","robots":{"index":"index","follow":"follow","max-snippet":"max-snippet:-1","max-image-preview":"max-image-preview:large","max-video-preview":"max-video-preview:-1"},"canonical":"https:\/\/faodo.ufms.br\/projetos-de-iniciacao-cientifica\/","og_locale":"en_US","og_type":"article","og_title":"[:en]Scientific Initiation projects[:pb]Projetos de Inicia\u00e7\u00e3o Cient\u00edfica[:] - FAODO","og_description":"Scientific Initiation means the development of the student\u00a0researcher, in a work plan, which contains the prediction of the research activities and scientific analysis that will be developed by the student, within a Research Project of a professor of the University, approved by the Board of Research and Graduate Studies, generally guided by a teacher. May [&hellip;]","og_url":"https:\/\/faodo.ufms.br\/projetos-de-iniciacao-cientifica\/","og_site_name":"FAODO","article_modified_time":"2016-11-17T03:54:22+00:00","twitter_misc":{"Est. reading time":"2 minutes","Written by":"Giovane Luiz Starch Perlin"},"schema":{"@context":"https:\/\/schema.org","@graph":[{"@type":"WebPage","@id":"https:\/\/faodo.ufms.br\/projetos-de-iniciacao-cientifica\/","url":"https:\/\/faodo.ufms.br\/projetos-de-iniciacao-cientifica\/","name":"[:en]Scientific Initiation projects[:pb]Projetos de Inicia\u00e7\u00e3o Cient\u00edfica[:] - FAODO","isPartOf":{"@id":"https:\/\/faodo.ufms.br\/#website"},"datePublished":"2014-11-13T17:23:39+00:00","dateModified":"2016-11-17T03:54:22+00:00","breadcrumb":{"@id":"https:\/\/faodo.ufms.br\/projetos-de-iniciacao-cientifica\/#breadcrumb"},"inLanguage":"en-US","potentialAction":[{"@type":"ReadAction","target":["https:\/\/faodo.ufms.br\/projetos-de-iniciacao-cientifica\/"]}]},{"@type":"BreadcrumbList","@id":"https:\/\/faodo.ufms.br\/projetos-de-iniciacao-cientifica\/#breadcrumb","itemListElement":[{"@type":"ListItem","position":1,"name":"In\u00edcio","item":"https:\/\/faodo.ufms.br\/"},{"@type":"ListItem","position":2,"name":"Projetos de Inicia\u00e7\u00e3o Cient\u00edfica"}]},{"@type":"WebSite","@id":"https:\/\/faodo.ufms.br\/#website","url":"https:\/\/faodo.ufms.br\/","name":"FAODO","description":"Faculdade de Odontologia","potentialAction":[{"@type":"SearchAction","target":{"@type":"EntryPoint","urlTemplate":"https:\/\/faodo.ufms.br\/?s={search_term_string}"},"query-input":{"@type":"PropertyValueSpecification","valueRequired":true,"valueName":"search_term_string"}}],"inLanguage":"en-US"}]}},"_links":{"self":[{"href":"https:\/\/faodo.ufms.br\/en\/wp-json\/wp\/v2\/pages\/257","targetHints":{"allow":["GET"]}}],"collection":[{"href":"https:\/\/faodo.ufms.br\/en\/wp-json\/wp\/v2\/pages"}],"about":[{"href":"https:\/\/faodo.ufms.br\/en\/wp-json\/wp\/v2\/types\/page"}],"author":[{"embeddable":true,"href":"https:\/\/faodo.ufms.br\/en\/wp-json\/wp\/v2\/users\/1678"}],"replies":[{"embeddable":true,"href":"https:\/\/faodo.ufms.br\/en\/wp-json\/wp\/v2\/comments?post=257"}],"version-history":[{"count":5,"href":"https:\/\/faodo.ufms.br\/en\/wp-json\/wp\/v2\/pages\/257\/revisions"}],"predecessor-version":[{"id":972,"href":"https:\/\/faodo.ufms.br\/en\/wp-json\/wp\/v2\/pages\/257\/revisions\/972"}],"wp:attachment":[{"href":"https:\/\/faodo.ufms.br\/en\/wp-json\/wp\/v2\/media?parent=257"}],"wp:term":[{"taxonomy":"author","embeddable":true,"href":"https:\/\/faodo.ufms.br\/en\/wp-json\/wp\/v2\/coauthors?post=257"}],"curies":[{"name":"wp","href":"https:\/\/api.w.org\/{rel}","templated":true}]}}