{"id":248,"date":"2014-11-13T17:17:45","date_gmt":"2014-11-13T17:17:45","guid":{"rendered":"http:\/\/faodo.draconis.ufms.br\/?page_id=248"},"modified":"2026-01-06T19:27:58","modified_gmt":"2026-01-06T19:27:58","slug":"projeto-pedagogico","status":"publish","type":"page","link":"https:\/\/faodo.ufms.br\/en\/curso-de-odontologia\/projeto-pedagogico\/","title":{"rendered":"Projeto Pedag\u00f3gico"},"content":{"rendered":"O campo de atua\u00e7\u00e3o da Odontologia vem sendo modificado ao longo do tempo, sendo influenciado pelo paradigma vigente acerca do processo sa\u00fade-doen\u00e7a e pela inser\u00e7\u00e3o dos Cirurgi\u00f5es-dentistas nas pol\u00edticas p\u00fablicas, as quais balizam a reorienta\u00e7\u00e3o do modelo de aten\u00e7\u00e3o \u00e0 sa\u00fade.<\/p>\n<p>Nessa perspectiva, as Diretrizes Curriculares Nacionais &#8211; DCN (Brasil, 2002) representaram grande avan\u00e7o, pois seus pressupostos passaram a orientar o processo de ensino-aprendizagem, a fim de que o perfil e o impacto da forma\u00e7\u00e3o profissional em Odontologia contemplem as modifica\u00e7\u00f5es supracitadas.<\/p>\n<p>Frente a essa demanda, o N\u00facleo Docente Estruturante (NDE) da Faculdade de Odontologia da Universidade Federal de Mato Grosso do Sul, iniciou em 2013 o processo de avalia\u00e7\u00e3o e reconstru\u00e7\u00e3o do Projeto Pedag\u00f3gico do Curso (PPC), a fim de avan\u00e7ar na dire\u00e7\u00e3o de uma maior adequa\u00e7\u00e3o do mesmo \u00e0s DCN. Com esse intuito, foram priorizadas a\u00e7\u00f5es colaborativas do corpo docente, discente e t\u00e9cnico-administrativo, para que todos tivessem voz nesse momento institucional t\u00e3o importante.<\/p>\n<p>A reestrutura\u00e7\u00e3o do PPC foi realizada de forma a considerar\u00a0 a realidade local em que se insere a Faculdade de Odontologia e a situa\u00e7\u00e3o em que esta se encontra no que se refere \u00e0 infraestrutura f\u00edsica e de recursos humanos.<\/p>\n<p>Procuramos progredir no desenvolvimento de compet\u00eancias e habilidades necess\u00e1rias ao egresso, investindo em uma maior integra\u00e7\u00e3o curricular. Esta foi parcialmente atingida, de forma que foi estabelecida a integra\u00e7\u00e3o dos est\u00e1gios cl\u00ednicos. Temos a ci\u00eancia de que a integra\u00e7\u00e3o poss\u00edvel, nesse momento, n\u00e3o foi plena, pois esbarramos em quesitos que fogem \u00e0 governabilidade da institui\u00e7\u00e3o. Preferimos propor uma adequa\u00e7\u00e3o do PPC que seja fact\u00edvel e sobre a qual consigamos conferir resolubilidade na melhoria do processo de aprendizagem de nossos acad\u00eamicos.<\/p>\n<p>Apesar de ser inquietante, esse fato ser\u00e1 paulatinamente suplantado, considerando as perspectivas de melhorias institucionais previstas para um per\u00edodo de m\u00e9dio\/longo prazo e tendo-se a no\u00e7\u00e3o do dinamismo e constante reavalia\u00e7\u00e3o\/readequa\u00e7\u00e3o que \u00e9 inerente ao PPC.<\/p>\n<p>&nbsp;<\/p>\n<p><a href=\"http:\/\/faodo.draconis.ufms.br\/files\/2014\/11\/Resolu\u00e7\u00e3o-521-COEG-Projeto-Pedag\u00f3gico-2015.pdf\">Resolu\u00e7\u00e3o 521 COEG &#8211; Projeto Pedag\u00f3gico 2015<\/a>","protected":false},"excerpt":{"rendered":"<p>O campo de atua\u00e7\u00e3o da Odontologia vem sendo modificado ao longo do tempo, sendo influenciado pelo paradigma vigente acerca do processo sa\u00fade-doen\u00e7a e pela inser\u00e7\u00e3o dos Cirurgi\u00f5es-dentistas nas pol\u00edticas p\u00fablicas, as quais balizam a reorienta\u00e7\u00e3o do modelo de aten\u00e7\u00e3o \u00e0 sa\u00fade. Nessa perspectiva, as Diretrizes Curriculares Nacionais &#8211; DCN (Brasil, 2002) representaram grande avan\u00e7o, pois [&hellip;]<\/p>\n","protected":false},"author":1678,"featured_media":0,"parent":75,"menu_order":0,"comment_status":"closed","ping_status":"closed","template":"","meta":{"footnotes":""},"coauthors":[44],"class_list":["post-248","page","type-page","status-publish","hentry"],"yoast_head":"<!-- This site is optimized with the Yoast SEO plugin v26.2 - https:\/\/yoast.com\/wordpress\/plugins\/seo\/ -->\n<title>Projeto Pedag\u00f3gico - FAODO<\/title>\n<meta name=\"robots\" content=\"index, follow, max-snippet:-1, max-image-preview:large, max-video-preview:-1\" \/>\n<link rel=\"canonical\" href=\"https:\/\/faodo.ufms.br\/curso-de-odontologia\/projeto-pedagogico\/\" \/>\n<meta property=\"og:locale\" content=\"en_US\" \/>\n<meta property=\"og:type\" content=\"article\" \/>\n<meta property=\"og:title\" content=\"Projeto Pedag\u00f3gico - FAODO\" \/>\n<meta property=\"og:description\" content=\"O campo de atua\u00e7\u00e3o da Odontologia vem sendo modificado ao longo do tempo, sendo influenciado pelo paradigma vigente acerca do processo sa\u00fade-doen\u00e7a e pela inser\u00e7\u00e3o dos Cirurgi\u00f5es-dentistas nas pol\u00edticas p\u00fablicas, as quais balizam a reorienta\u00e7\u00e3o do modelo de aten\u00e7\u00e3o \u00e0 sa\u00fade. Nessa perspectiva, as Diretrizes Curriculares Nacionais &#8211; DCN (Brasil, 2002) representaram grande avan\u00e7o, pois [&hellip;]\" \/>\n<meta property=\"og:url\" content=\"https:\/\/faodo.ufms.br\/curso-de-odontologia\/projeto-pedagogico\/\" \/>\n<meta property=\"og:site_name\" content=\"FAODO\" \/>\n<meta property=\"article:modified_time\" content=\"2026-01-06T19:27:58+00:00\" \/>\n<meta name=\"twitter:label1\" content=\"Est. reading time\" \/>\n\t<meta name=\"twitter:data1\" content=\"2 minutes\" \/>\n\t<meta name=\"twitter:label2\" content=\"Written by\" \/>\n\t<meta name=\"twitter:data2\" content=\"Giovane Luiz Starch Perlin\" \/>\n<script type=\"application\/ld+json\" class=\"yoast-schema-graph\">{\"@context\":\"https:\/\/schema.org\",\"@graph\":[{\"@type\":\"WebPage\",\"@id\":\"https:\/\/faodo.ufms.br\/curso-de-odontologia\/projeto-pedagogico\/\",\"url\":\"https:\/\/faodo.ufms.br\/curso-de-odontologia\/projeto-pedagogico\/\",\"name\":\"Projeto Pedag\u00f3gico - FAODO\",\"isPartOf\":{\"@id\":\"https:\/\/faodo.ufms.br\/#website\"},\"datePublished\":\"2014-11-13T17:17:45+00:00\",\"dateModified\":\"2026-01-06T19:27:58+00:00\",\"breadcrumb\":{\"@id\":\"https:\/\/faodo.ufms.br\/curso-de-odontologia\/projeto-pedagogico\/#breadcrumb\"},\"inLanguage\":\"en-US\",\"potentialAction\":[{\"@type\":\"ReadAction\",\"target\":[\"https:\/\/faodo.ufms.br\/curso-de-odontologia\/projeto-pedagogico\/\"]}]},{\"@type\":\"BreadcrumbList\",\"@id\":\"https:\/\/faodo.ufms.br\/curso-de-odontologia\/projeto-pedagogico\/#breadcrumb\",\"itemListElement\":[{\"@type\":\"ListItem\",\"position\":1,\"name\":\"In\u00edcio\",\"item\":\"https:\/\/faodo.ufms.br\/\"},{\"@type\":\"ListItem\",\"position\":2,\"name\":\"Odontologia\",\"item\":\"https:\/\/faodo.ufms.br\/curso-de-odontologia\/\"},{\"@type\":\"ListItem\",\"position\":3,\"name\":\"Projeto Pedag\u00f3gico\"}]},{\"@type\":\"WebSite\",\"@id\":\"https:\/\/faodo.ufms.br\/#website\",\"url\":\"https:\/\/faodo.ufms.br\/\",\"name\":\"FAODO\",\"description\":\"Faculdade de Odontologia\",\"potentialAction\":[{\"@type\":\"SearchAction\",\"target\":{\"@type\":\"EntryPoint\",\"urlTemplate\":\"https:\/\/faodo.ufms.br\/?s={search_term_string}\"},\"query-input\":{\"@type\":\"PropertyValueSpecification\",\"valueRequired\":true,\"valueName\":\"search_term_string\"}}],\"inLanguage\":\"en-US\"}]}<\/script>\n<!-- \/ Yoast SEO plugin. -->","yoast_head_json":{"title":"Projeto Pedag\u00f3gico - FAODO","robots":{"index":"index","follow":"follow","max-snippet":"max-snippet:-1","max-image-preview":"max-image-preview:large","max-video-preview":"max-video-preview:-1"},"canonical":"https:\/\/faodo.ufms.br\/curso-de-odontologia\/projeto-pedagogico\/","og_locale":"en_US","og_type":"article","og_title":"Projeto Pedag\u00f3gico - FAODO","og_description":"O campo de atua\u00e7\u00e3o da Odontologia vem sendo modificado ao longo do tempo, sendo influenciado pelo paradigma vigente acerca do processo sa\u00fade-doen\u00e7a e pela inser\u00e7\u00e3o dos Cirurgi\u00f5es-dentistas nas pol\u00edticas p\u00fablicas, as quais balizam a reorienta\u00e7\u00e3o do modelo de aten\u00e7\u00e3o \u00e0 sa\u00fade. Nessa perspectiva, as Diretrizes Curriculares Nacionais &#8211; DCN (Brasil, 2002) representaram grande avan\u00e7o, pois [&hellip;]","og_url":"https:\/\/faodo.ufms.br\/curso-de-odontologia\/projeto-pedagogico\/","og_site_name":"FAODO","article_modified_time":"2026-01-06T19:27:58+00:00","twitter_misc":{"Est. reading time":"2 minutes","Written by":"Giovane Luiz Starch Perlin"},"schema":{"@context":"https:\/\/schema.org","@graph":[{"@type":"WebPage","@id":"https:\/\/faodo.ufms.br\/curso-de-odontologia\/projeto-pedagogico\/","url":"https:\/\/faodo.ufms.br\/curso-de-odontologia\/projeto-pedagogico\/","name":"Projeto Pedag\u00f3gico - FAODO","isPartOf":{"@id":"https:\/\/faodo.ufms.br\/#website"},"datePublished":"2014-11-13T17:17:45+00:00","dateModified":"2026-01-06T19:27:58+00:00","breadcrumb":{"@id":"https:\/\/faodo.ufms.br\/curso-de-odontologia\/projeto-pedagogico\/#breadcrumb"},"inLanguage":"en-US","potentialAction":[{"@type":"ReadAction","target":["https:\/\/faodo.ufms.br\/curso-de-odontologia\/projeto-pedagogico\/"]}]},{"@type":"BreadcrumbList","@id":"https:\/\/faodo.ufms.br\/curso-de-odontologia\/projeto-pedagogico\/#breadcrumb","itemListElement":[{"@type":"ListItem","position":1,"name":"In\u00edcio","item":"https:\/\/faodo.ufms.br\/"},{"@type":"ListItem","position":2,"name":"Odontologia","item":"https:\/\/faodo.ufms.br\/curso-de-odontologia\/"},{"@type":"ListItem","position":3,"name":"Projeto Pedag\u00f3gico"}]},{"@type":"WebSite","@id":"https:\/\/faodo.ufms.br\/#website","url":"https:\/\/faodo.ufms.br\/","name":"FAODO","description":"Faculdade de Odontologia","potentialAction":[{"@type":"SearchAction","target":{"@type":"EntryPoint","urlTemplate":"https:\/\/faodo.ufms.br\/?s={search_term_string}"},"query-input":{"@type":"PropertyValueSpecification","valueRequired":true,"valueName":"search_term_string"}}],"inLanguage":"en-US"}]}},"_links":{"self":[{"href":"https:\/\/faodo.ufms.br\/en\/wp-json\/wp\/v2\/pages\/248","targetHints":{"allow":["GET"]}}],"collection":[{"href":"https:\/\/faodo.ufms.br\/en\/wp-json\/wp\/v2\/pages"}],"about":[{"href":"https:\/\/faodo.ufms.br\/en\/wp-json\/wp\/v2\/types\/page"}],"author":[{"embeddable":true,"href":"https:\/\/faodo.ufms.br\/en\/wp-json\/wp\/v2\/users\/1678"}],"replies":[{"embeddable":true,"href":"https:\/\/faodo.ufms.br\/en\/wp-json\/wp\/v2\/comments?post=248"}],"version-history":[{"count":13,"href":"https:\/\/faodo.ufms.br\/en\/wp-json\/wp\/v2\/pages\/248\/revisions"}],"predecessor-version":[{"id":3275,"href":"https:\/\/faodo.ufms.br\/en\/wp-json\/wp\/v2\/pages\/248\/revisions\/3275"}],"up":[{"embeddable":true,"href":"https:\/\/faodo.ufms.br\/en\/wp-json\/wp\/v2\/pages\/75"}],"wp:attachment":[{"href":"https:\/\/faodo.ufms.br\/en\/wp-json\/wp\/v2\/media?parent=248"}],"wp:term":[{"taxonomy":"author","embeddable":true,"href":"https:\/\/faodo.ufms.br\/en\/wp-json\/wp\/v2\/coauthors?post=248"}],"curies":[{"name":"wp","href":"https:\/\/api.w.org\/{rel}","templated":true}]}}