{"id":219,"date":"2014-11-12T19:20:04","date_gmt":"2014-11-12T19:20:04","guid":{"rendered":"http:\/\/faodo.draconis.ufms.br\/?page_id=219"},"modified":"2015-11-30T17:33:28","modified_gmt":"2015-11-30T17:33:28","slug":"informacoescontato","status":"publish","type":"page","link":"https:\/\/faodo.ufms.br\/en\/mestrado-em-odontologia\/informacoescontato\/","title":{"rendered":"Informa\u00e7\u00f5es\/Contato"},"content":{"rendered":"<h4><strong>Sobre o Programa<\/strong><\/h4>\n<p>O Programa de P\u00f3s-Gradua\u00e7\u00e3o em Odontologia (PPGO) da Faculdade de Odontologia da UFMS foi aprovado em 11\/05\/2011 e homologado pelo CNE atrav\u00e9s da Port. MEC 982, de 30\/07\/2012. No segundo semestre do ano de 2011, a primeira turma ingressou no programa com 15 alunos, em mar\u00e7o de 2012, a segunda turma, em mar\u00e7o de 2013 uma nova turma, assim, consecutivamente nos anos seguintes, no Programa de Mestrado acad\u00eamico em Odontologia, com \u00e1rea de concentra\u00e7\u00e3o em Cl\u00ednica Odontol\u00f3gica. A implanta\u00e7\u00e3o do curso de mestrado criou uma demanda e incremento da pesquisa, exigindo esfor\u00e7o e empenho de todo o grupo de docentes e seus orientados, buscando a excel\u00eancia na produ\u00e7\u00e3o cient\u00edfica e na forma\u00e7\u00e3o de recursos humanos. Ressalte-se que o Programa de P\u00f3s-Gradua\u00e7\u00e3o tem como meta o crescimento da produ\u00e7\u00e3o cient\u00edfica. V\u00e1rios projetos das sub-linhas de pesquisas, est\u00e3o sendo desenvolvidos, objetivando o fortalecimento e a consolida\u00e7\u00e3o desta PPGO. Os orientadores participantes vem melhorando no exerc\u00edcio das atividades de pesquisa, com a elabora\u00e7\u00e3o de disserta\u00e7\u00f5es de excelente qualidade t\u00e9cnica, tendo como resultado a publica\u00e7\u00e3o de artigos cient\u00edficos.<\/p>\n<p>&nbsp;<\/p>\n<p style=\"text-align: justify\"><strong>Objetivos<\/strong><\/p>\n<p>OBJETIVO GERAL:<\/p>\n<p>O Programa de P\u00f3s-Gradua\u00e7\u00e3o stricto sensu em Odontologia estruturado como Curso de Mestrado Acad\u00eamico \u2013 \u00c1rea de concentra\u00e7\u00e3o em Cl\u00ednica Odontol\u00f3gica, tem como metas proporcionar aos alunos forma\u00e7\u00e3o cient\u00edfica s\u00f3lida atrav\u00e9s de conhecimentos te\u00f3ricos, cl\u00ednicos e laboratorial, desenvolver e aprofundar a capacidade de pesquisa, formar e preparar os mestrandos para a doc\u00eancia, pesquisadores e profissionais em Odontologia com a concep\u00e7\u00e3o interdisciplinar da Sa\u00fade, promovendo a sa\u00fade e o desenvolvimento tecnol\u00f3gico na Regi\u00e3o Centro-Oeste.<\/p>\n<p>OBJETIVOS ESPEC\u00cdFICOS:<\/p>\n<p>1. Diminuir o desequil\u00edbrio Regional em Ci\u00eancia e Tecnologia na \u00c1rea da Odontologia, com a qualifica\u00e7\u00e3o de docentes e pesquisadores mediante oferecimento de Mestrado acad\u00eamico de alto n\u00edvel.<\/p>\n<p>2. Implementar infra-estrutura de pesquisa que propicie condi\u00e7\u00f5es de produ\u00e7\u00e3o de pesquisas de relev\u00e2ncia e excel\u00eancia.<\/p>\n<p>3. Promover a Sa\u00fade estimulando linhas de pesquisa na \u00c1rea de Concentra\u00e7\u00e3o, fortalecendo os Grupos de Pesquisa que abordem os problemas regionais da sa\u00fade em Odontologia.<\/p>\n<p>4. Promover o desenvolvimento tecnol\u00f3gico na \u00e1rea da Odontologia, estimulando pesquisas de excel\u00eancia integradas com outros Programas da Institui\u00e7\u00e3o.<\/p>\n<p style=\"text-align: justify\">5. Atender demandas espec\u00edficas na \u00e1rea da Odontologia.<\/p>\n<p style=\"text-align: justify\"><strong>Infraestrutura<\/strong><\/p>\n<p style=\"text-align: justify\">O Programa apresenta salas de aula, de estudo, Laborat\u00f3rios adequados ao desenvolvimento do ensino e das pesquisas. A Biblioteca hospeda as teses e disserta\u00e7\u00f5es, apresenta acervo de livros e peri\u00f3dicos adequados para a \u00e1rea e disponibiliza o Portal de Peri\u00f3dicos CAPES.<\/p>\n<p>&nbsp;<\/p>\n<div class=\"entry-content\">\n<p><strong>Fale Conosco<\/strong><\/p>\n<div id=\"_rc_sig\">\n<div class=\"pre\">Programa de P\u00f3s-Gradua\u00e7\u00e3o em Odontologia \u2013 PPGO<br \/>\nSecretaria do Mestrado Acad\u00eamico<br \/>\nFaculdade de Odontologia \u2013 FAODO<br \/>\nUniversidade Federal de Mato Grosso do Sul \u2013 UFMS<br \/>\nFone: (67) 3345-7383\/3345-7385<\/div>\n<\/div>\n<p>E-mail: posdod.faodo@ufms.br\n<\/p><\/div>\n","protected":false},"excerpt":{"rendered":"<p>Sobre o Programa O Programa de P\u00f3s-Gradua\u00e7\u00e3o em Odontologia (PPGO) da Faculdade de Odontologia da UFMS foi aprovado em 11\/05\/2011 e homologado pelo CNE atrav\u00e9s da Port. MEC 982, de 30\/07\/2012. No segundo semestre do ano de 2011, a primeira turma ingressou no programa com 15 alunos, em mar\u00e7o de 2012, a segunda turma, em [&hellip;]<\/p>\n","protected":false},"author":309,"featured_media":0,"parent":217,"menu_order":0,"comment_status":"closed","ping_status":"closed","template":"","meta":{"footnotes":""},"coauthors":[],"class_list":["post-219","page","type-page","status-publish","hentry"],"yoast_head":"<!-- This site is optimized with the Yoast SEO plugin v26.2 - https:\/\/yoast.com\/wordpress\/plugins\/seo\/ -->\n<title>Informa\u00e7\u00f5es\/Contato - FAODO<\/title>\n<meta name=\"robots\" content=\"index, follow, max-snippet:-1, max-image-preview:large, max-video-preview:-1\" \/>\n<link rel=\"canonical\" href=\"https:\/\/faodo.ufms.br\/en\/mestrado-em-odontologia\/informacoescontato\/\" \/>\n<meta property=\"og:locale\" content=\"en_US\" \/>\n<meta property=\"og:type\" content=\"article\" \/>\n<meta property=\"og:title\" content=\"Informa\u00e7\u00f5es\/Contato - FAODO\" \/>\n<meta property=\"og:description\" content=\"Sobre o Programa O Programa de P\u00f3s-Gradua\u00e7\u00e3o em Odontologia (PPGO) da Faculdade de Odontologia da UFMS foi aprovado em 11\/05\/2011 e homologado pelo CNE atrav\u00e9s da Port. MEC 982, de 30\/07\/2012. No segundo semestre do ano de 2011, a primeira turma ingressou no programa com 15 alunos, em mar\u00e7o de 2012, a segunda turma, em [&hellip;]\" \/>\n<meta property=\"og:url\" content=\"https:\/\/faodo.ufms.br\/en\/mestrado-em-odontologia\/informacoescontato\/\" \/>\n<meta property=\"og:site_name\" content=\"FAODO\" \/>\n<meta property=\"article:modified_time\" content=\"2015-11-30T17:33:28+00:00\" \/>\n<meta name=\"twitter:label1\" content=\"Est. reading time\" \/>\n\t<meta name=\"twitter:data1\" content=\"2 minutes\" \/>\n\t<meta name=\"twitter:label2\" content=\"Written by\" \/>\n\t<meta name=\"twitter:data2\" content=\"Osvalda Vera Vera\" \/>\n<script type=\"application\/ld+json\" class=\"yoast-schema-graph\">{\"@context\":\"https:\/\/schema.org\",\"@graph\":[{\"@type\":\"WebPage\",\"@id\":\"https:\/\/faodo.ufms.br\/en\/mestrado-em-odontologia\/informacoescontato\/\",\"url\":\"https:\/\/faodo.ufms.br\/en\/mestrado-em-odontologia\/informacoescontato\/\",\"name\":\"Informa\u00e7\u00f5es\/Contato - FAODO\",\"isPartOf\":{\"@id\":\"https:\/\/faodo.ufms.br\/#website\"},\"datePublished\":\"2014-11-12T19:20:04+00:00\",\"dateModified\":\"2015-11-30T17:33:28+00:00\",\"breadcrumb\":{\"@id\":\"https:\/\/faodo.ufms.br\/en\/mestrado-em-odontologia\/informacoescontato\/#breadcrumb\"},\"inLanguage\":\"en-US\",\"potentialAction\":[{\"@type\":\"ReadAction\",\"target\":[\"https:\/\/faodo.ufms.br\/en\/mestrado-em-odontologia\/informacoescontato\/\"]}]},{\"@type\":\"BreadcrumbList\",\"@id\":\"https:\/\/faodo.ufms.br\/en\/mestrado-em-odontologia\/informacoescontato\/#breadcrumb\",\"itemListElement\":[{\"@type\":\"ListItem\",\"position\":1,\"name\":\"In\u00edcio\",\"item\":\"https:\/\/faodo.ufms.br\/\"},{\"@type\":\"ListItem\",\"position\":2,\"name\":\"Mestrado em Odontologia\",\"item\":\"https:\/\/faodo.ufms.br\/mestrado-em-odontologia\/\"},{\"@type\":\"ListItem\",\"position\":3,\"name\":\"Informa\u00e7\u00f5es\/Contato\"}]},{\"@type\":\"WebSite\",\"@id\":\"https:\/\/faodo.ufms.br\/#website\",\"url\":\"https:\/\/faodo.ufms.br\/\",\"name\":\"FAODO\",\"description\":\"Faculdade de Odontologia\",\"potentialAction\":[{\"@type\":\"SearchAction\",\"target\":{\"@type\":\"EntryPoint\",\"urlTemplate\":\"https:\/\/faodo.ufms.br\/?s={search_term_string}\"},\"query-input\":{\"@type\":\"PropertyValueSpecification\",\"valueRequired\":true,\"valueName\":\"search_term_string\"}}],\"inLanguage\":\"en-US\"}]}<\/script>\n<!-- \/ Yoast SEO plugin. -->","yoast_head_json":{"title":"Informa\u00e7\u00f5es\/Contato - FAODO","robots":{"index":"index","follow":"follow","max-snippet":"max-snippet:-1","max-image-preview":"max-image-preview:large","max-video-preview":"max-video-preview:-1"},"canonical":"https:\/\/faodo.ufms.br\/en\/mestrado-em-odontologia\/informacoescontato\/","og_locale":"en_US","og_type":"article","og_title":"Informa\u00e7\u00f5es\/Contato - FAODO","og_description":"Sobre o Programa O Programa de P\u00f3s-Gradua\u00e7\u00e3o em Odontologia (PPGO) da Faculdade de Odontologia da UFMS foi aprovado em 11\/05\/2011 e homologado pelo CNE atrav\u00e9s da Port. MEC 982, de 30\/07\/2012. No segundo semestre do ano de 2011, a primeira turma ingressou no programa com 15 alunos, em mar\u00e7o de 2012, a segunda turma, em [&hellip;]","og_url":"https:\/\/faodo.ufms.br\/en\/mestrado-em-odontologia\/informacoescontato\/","og_site_name":"FAODO","article_modified_time":"2015-11-30T17:33:28+00:00","twitter_misc":{"Est. reading time":"2 minutes","Written by":"Osvalda Vera Vera"},"schema":{"@context":"https:\/\/schema.org","@graph":[{"@type":"WebPage","@id":"https:\/\/faodo.ufms.br\/en\/mestrado-em-odontologia\/informacoescontato\/","url":"https:\/\/faodo.ufms.br\/en\/mestrado-em-odontologia\/informacoescontato\/","name":"Informa\u00e7\u00f5es\/Contato - FAODO","isPartOf":{"@id":"https:\/\/faodo.ufms.br\/#website"},"datePublished":"2014-11-12T19:20:04+00:00","dateModified":"2015-11-30T17:33:28+00:00","breadcrumb":{"@id":"https:\/\/faodo.ufms.br\/en\/mestrado-em-odontologia\/informacoescontato\/#breadcrumb"},"inLanguage":"en-US","potentialAction":[{"@type":"ReadAction","target":["https:\/\/faodo.ufms.br\/en\/mestrado-em-odontologia\/informacoescontato\/"]}]},{"@type":"BreadcrumbList","@id":"https:\/\/faodo.ufms.br\/en\/mestrado-em-odontologia\/informacoescontato\/#breadcrumb","itemListElement":[{"@type":"ListItem","position":1,"name":"In\u00edcio","item":"https:\/\/faodo.ufms.br\/"},{"@type":"ListItem","position":2,"name":"Mestrado em Odontologia","item":"https:\/\/faodo.ufms.br\/mestrado-em-odontologia\/"},{"@type":"ListItem","position":3,"name":"Informa\u00e7\u00f5es\/Contato"}]},{"@type":"WebSite","@id":"https:\/\/faodo.ufms.br\/#website","url":"https:\/\/faodo.ufms.br\/","name":"FAODO","description":"Faculdade de Odontologia","potentialAction":[{"@type":"SearchAction","target":{"@type":"EntryPoint","urlTemplate":"https:\/\/faodo.ufms.br\/?s={search_term_string}"},"query-input":{"@type":"PropertyValueSpecification","valueRequired":true,"valueName":"search_term_string"}}],"inLanguage":"en-US"}]}},"_links":{"self":[{"href":"https:\/\/faodo.ufms.br\/en\/wp-json\/wp\/v2\/pages\/219","targetHints":{"allow":["GET"]}}],"collection":[{"href":"https:\/\/faodo.ufms.br\/en\/wp-json\/wp\/v2\/pages"}],"about":[{"href":"https:\/\/faodo.ufms.br\/en\/wp-json\/wp\/v2\/types\/page"}],"author":[{"embeddable":true,"href":"https:\/\/faodo.ufms.br\/en\/wp-json\/wp\/v2\/users\/309"}],"replies":[{"embeddable":true,"href":"https:\/\/faodo.ufms.br\/en\/wp-json\/wp\/v2\/comments?post=219"}],"version-history":[{"count":8,"href":"https:\/\/faodo.ufms.br\/en\/wp-json\/wp\/v2\/pages\/219\/revisions"}],"predecessor-version":[{"id":693,"href":"https:\/\/faodo.ufms.br\/en\/wp-json\/wp\/v2\/pages\/219\/revisions\/693"}],"up":[{"embeddable":true,"href":"https:\/\/faodo.ufms.br\/en\/wp-json\/wp\/v2\/pages\/217"}],"wp:attachment":[{"href":"https:\/\/faodo.ufms.br\/en\/wp-json\/wp\/v2\/media?parent=219"}],"wp:term":[{"taxonomy":"author","embeddable":true,"href":"https:\/\/faodo.ufms.br\/en\/wp-json\/wp\/v2\/coauthors?post=219"}],"curies":[{"name":"wp","href":"https:\/\/api.w.org\/{rel}","templated":true}]}}