{"id":1565,"date":"2019-09-25T14:34:56","date_gmt":"2019-09-25T14:34:56","guid":{"rendered":"https:\/\/faodo.ufms.br\/?page_id=1565"},"modified":"2019-09-25T17:58:00","modified_gmt":"2019-09-25T17:58:00","slug":"modelagem-de-fluxos-de-processos","status":"publish","type":"page","link":"https:\/\/faodo.ufms.br\/en\/curso-de-odontologia\/modelagem-de-fluxos-de-processos\/","title":{"rendered":"(Portugu\u00eas do Brasil) Modelagem de Fluxos de Processos"},"content":{"rendered":"<p class=\"qtranxs-available-languages-message qtranxs-available-languages-message-en\">Sorry, this entry is only available in <a href=\"https:\/\/faodo.ufms.br\/pb\/wp-json\/wp\/v2\/pages\/1565\" class=\"qtranxs-available-language-link qtranxs-available-language-link-pb\" title=\"Portugu\u00eas do Brasil\">Portugu\u00eas do Brasil<\/a>.<\/p>","protected":false},"excerpt":{"rendered":"<p>Sorry, this entry is only available in Portugu\u00eas do Brasil.<\/p>\n","protected":false},"author":6311,"featured_media":0,"parent":75,"menu_order":0,"comment_status":"closed","ping_status":"closed","template":"","meta":{"footnotes":""},"coauthors":[],"class_list":["post-1565","page","type-page","status-publish","hentry"],"yoast_head":"<!-- This site is optimized with the Yoast SEO plugin v26.2 - https:\/\/yoast.com\/wordpress\/plugins\/seo\/ -->\n<title><\/title>\n<meta name=\"robots\" content=\"index, follow, max-snippet:-1, max-image-preview:large, max-video-preview:-1\" \/>\n<link rel=\"canonical\" href=\"https:\/\/faodo.ufms.br\/curso-de-odontologia\/modelagem-de-fluxos-de-processos\/\" \/>\n<meta property=\"og:locale\" content=\"en_US\" \/>\n<meta property=\"og:type\" content=\"article\" \/>\n<meta property=\"og:title\" content=\"[:pb]Modelagem de Fluxos de Processos[:] - FAODO\" \/>\n<meta property=\"og:description\" content=\"Sorry, this entry is only available in Portugu\u00eas do Brasil.\" \/>\n<meta property=\"og:url\" content=\"https:\/\/faodo.ufms.br\/curso-de-odontologia\/modelagem-de-fluxos-de-processos\/\" \/>\n<meta property=\"og:site_name\" content=\"FAODO\" \/>\n<meta property=\"article:modified_time\" content=\"2019-09-25T17:58:00+00:00\" \/>\n<meta property=\"og:image\" content=\"https:\/\/faodo.ufms.br\/files\/2019\/09\/DIRE\u00c7\u00c3O-FLUXOGRAMA-DE-ACOMPANHAMENTO-DO-SEI-DA-DIRE\u00c7\u00c3O.-300x167.png\" \/>\n<meta name=\"twitter:label1\" content=\"Est. reading time\" \/>\n\t<meta name=\"twitter:data1\" content=\"2 minutes\" \/>\n\t<meta name=\"twitter:label2\" content=\"Written by\" \/>\n\t<meta name=\"twitter:data2\" content=\"Guilherme Defalque\" \/>\n<script type=\"application\/ld+json\" class=\"yoast-schema-graph\">{\"@context\":\"https:\/\/schema.org\",\"@graph\":[{\"@type\":\"WebPage\",\"@id\":\"https:\/\/faodo.ufms.br\/curso-de-odontologia\/modelagem-de-fluxos-de-processos\/\",\"url\":\"https:\/\/faodo.ufms.br\/curso-de-odontologia\/modelagem-de-fluxos-de-processos\/\",\"name\":\"[:pb]Modelagem de Fluxos de Processos[:] - FAODO\",\"isPartOf\":{\"@id\":\"https:\/\/faodo.ufms.br\/#website\"},\"primaryImageOfPage\":{\"@id\":\"https:\/\/faodo.ufms.br\/curso-de-odontologia\/modelagem-de-fluxos-de-processos\/#primaryimage\"},\"image\":{\"@id\":\"https:\/\/faodo.ufms.br\/curso-de-odontologia\/modelagem-de-fluxos-de-processos\/#primaryimage\"},\"thumbnailUrl\":\"https:\/\/faodo.ufms.br\/files\/2019\/09\/Fluxograma-Compras-Simples-e-ARP-298x300.png\",\"datePublished\":\"2019-09-25T14:34:56+00:00\",\"dateModified\":\"2019-09-25T17:58:00+00:00\",\"breadcrumb\":{\"@id\":\"https:\/\/faodo.ufms.br\/curso-de-odontologia\/modelagem-de-fluxos-de-processos\/#breadcrumb\"},\"inLanguage\":\"en-US\",\"potentialAction\":[{\"@type\":\"ReadAction\",\"target\":[\"https:\/\/faodo.ufms.br\/curso-de-odontologia\/modelagem-de-fluxos-de-processos\/\"]}]},{\"@type\":\"ImageObject\",\"inLanguage\":\"en-US\",\"@id\":\"https:\/\/faodo.ufms.br\/curso-de-odontologia\/modelagem-de-fluxos-de-processos\/#primaryimage\",\"url\":\"https:\/\/faodo.ufms.br\/files\/2019\/09\/Fluxograma-Compras-Simples-e-ARP-298x300.png\",\"contentUrl\":\"https:\/\/faodo.ufms.br\/files\/2019\/09\/Fluxograma-Compras-Simples-e-ARP-298x300.png\"},{\"@type\":\"BreadcrumbList\",\"@id\":\"https:\/\/faodo.ufms.br\/curso-de-odontologia\/modelagem-de-fluxos-de-processos\/#breadcrumb\",\"itemListElement\":[{\"@type\":\"ListItem\",\"position\":1,\"name\":\"In\u00edcio\",\"item\":\"https:\/\/faodo.ufms.br\/\"},{\"@type\":\"ListItem\",\"position\":2,\"name\":\"Odontologia\",\"item\":\"https:\/\/faodo.ufms.br\/curso-de-odontologia\/\"},{\"@type\":\"ListItem\",\"position\":3,\"name\":\"Modelagem de Fluxos de Processos\"}]},{\"@type\":\"WebSite\",\"@id\":\"https:\/\/faodo.ufms.br\/#website\",\"url\":\"https:\/\/faodo.ufms.br\/\",\"name\":\"FAODO\",\"description\":\"Faculdade de Odontologia\",\"potentialAction\":[{\"@type\":\"SearchAction\",\"target\":{\"@type\":\"EntryPoint\",\"urlTemplate\":\"https:\/\/faodo.ufms.br\/?s={search_term_string}\"},\"query-input\":{\"@type\":\"PropertyValueSpecification\",\"valueRequired\":true,\"valueName\":\"search_term_string\"}}],\"inLanguage\":\"en-US\"}]}<\/script>\n<!-- \/ Yoast SEO plugin. -->","yoast_head_json":{"title":"[:pb]Modelagem de Fluxos de Processos[:] - FAODO","robots":{"index":"index","follow":"follow","max-snippet":"max-snippet:-1","max-image-preview":"max-image-preview:large","max-video-preview":"max-video-preview:-1"},"canonical":"https:\/\/faodo.ufms.br\/curso-de-odontologia\/modelagem-de-fluxos-de-processos\/","og_locale":"en_US","og_type":"article","og_title":"[:pb]Modelagem de Fluxos de Processos[:] - FAODO","og_description":"Sorry, this entry is only available in Portugu\u00eas do Brasil.","og_url":"https:\/\/faodo.ufms.br\/curso-de-odontologia\/modelagem-de-fluxos-de-processos\/","og_site_name":"FAODO","article_modified_time":"2019-09-25T17:58:00+00:00","og_image":[{"url":"https:\/\/faodo.ufms.br\/files\/2019\/09\/DIRE\u00c7\u00c3O-FLUXOGRAMA-DE-ACOMPANHAMENTO-DO-SEI-DA-DIRE\u00c7\u00c3O.-300x167.png","type":"","width":"","height":""}],"twitter_misc":{"Est. reading time":"2 minutes","Written by":"Guilherme Defalque"},"schema":{"@context":"https:\/\/schema.org","@graph":[{"@type":"WebPage","@id":"https:\/\/faodo.ufms.br\/curso-de-odontologia\/modelagem-de-fluxos-de-processos\/","url":"https:\/\/faodo.ufms.br\/curso-de-odontologia\/modelagem-de-fluxos-de-processos\/","name":"[:pb]Modelagem de Fluxos de Processos[:] - FAODO","isPartOf":{"@id":"https:\/\/faodo.ufms.br\/#website"},"primaryImageOfPage":{"@id":"https:\/\/faodo.ufms.br\/curso-de-odontologia\/modelagem-de-fluxos-de-processos\/#primaryimage"},"image":{"@id":"https:\/\/faodo.ufms.br\/curso-de-odontologia\/modelagem-de-fluxos-de-processos\/#primaryimage"},"thumbnailUrl":"https:\/\/faodo.ufms.br\/files\/2019\/09\/Fluxograma-Compras-Simples-e-ARP-298x300.png","datePublished":"2019-09-25T14:34:56+00:00","dateModified":"2019-09-25T17:58:00+00:00","breadcrumb":{"@id":"https:\/\/faodo.ufms.br\/curso-de-odontologia\/modelagem-de-fluxos-de-processos\/#breadcrumb"},"inLanguage":"en-US","potentialAction":[{"@type":"ReadAction","target":["https:\/\/faodo.ufms.br\/curso-de-odontologia\/modelagem-de-fluxos-de-processos\/"]}]},{"@type":"ImageObject","inLanguage":"en-US","@id":"https:\/\/faodo.ufms.br\/curso-de-odontologia\/modelagem-de-fluxos-de-processos\/#primaryimage","url":"https:\/\/faodo.ufms.br\/files\/2019\/09\/Fluxograma-Compras-Simples-e-ARP-298x300.png","contentUrl":"https:\/\/faodo.ufms.br\/files\/2019\/09\/Fluxograma-Compras-Simples-e-ARP-298x300.png"},{"@type":"BreadcrumbList","@id":"https:\/\/faodo.ufms.br\/curso-de-odontologia\/modelagem-de-fluxos-de-processos\/#breadcrumb","itemListElement":[{"@type":"ListItem","position":1,"name":"In\u00edcio","item":"https:\/\/faodo.ufms.br\/"},{"@type":"ListItem","position":2,"name":"Odontologia","item":"https:\/\/faodo.ufms.br\/curso-de-odontologia\/"},{"@type":"ListItem","position":3,"name":"Modelagem de Fluxos de Processos"}]},{"@type":"WebSite","@id":"https:\/\/faodo.ufms.br\/#website","url":"https:\/\/faodo.ufms.br\/","name":"FAODO","description":"Faculdade de Odontologia","potentialAction":[{"@type":"SearchAction","target":{"@type":"EntryPoint","urlTemplate":"https:\/\/faodo.ufms.br\/?s={search_term_string}"},"query-input":{"@type":"PropertyValueSpecification","valueRequired":true,"valueName":"search_term_string"}}],"inLanguage":"en-US"}]}},"_links":{"self":[{"href":"https:\/\/faodo.ufms.br\/en\/wp-json\/wp\/v2\/pages\/1565","targetHints":{"allow":["GET"]}}],"collection":[{"href":"https:\/\/faodo.ufms.br\/en\/wp-json\/wp\/v2\/pages"}],"about":[{"href":"https:\/\/faodo.ufms.br\/en\/wp-json\/wp\/v2\/types\/page"}],"author":[{"embeddable":true,"href":"https:\/\/faodo.ufms.br\/en\/wp-json\/wp\/v2\/users\/6311"}],"replies":[{"embeddable":true,"href":"https:\/\/faodo.ufms.br\/en\/wp-json\/wp\/v2\/comments?post=1565"}],"version-history":[{"count":13,"href":"https:\/\/faodo.ufms.br\/en\/wp-json\/wp\/v2\/pages\/1565\/revisions"}],"predecessor-version":[{"id":1676,"href":"https:\/\/faodo.ufms.br\/en\/wp-json\/wp\/v2\/pages\/1565\/revisions\/1676"}],"up":[{"embeddable":true,"href":"https:\/\/faodo.ufms.br\/en\/wp-json\/wp\/v2\/pages\/75"}],"wp:attachment":[{"href":"https:\/\/faodo.ufms.br\/en\/wp-json\/wp\/v2\/media?parent=1565"}],"wp:term":[{"taxonomy":"author","embeddable":true,"href":"https:\/\/faodo.ufms.br\/en\/wp-json\/wp\/v2\/coauthors?post=1565"}],"curies":[{"name":"wp","href":"https:\/\/api.w.org\/{rel}","templated":true}]}}